 {"id":3407,"date":"2025-05-04T14:55:01","date_gmt":"2025-05-04T14:55:01","guid":{"rendered":"https:\/\/yayopgroup.com\/?page_id=3407"},"modified":"2025-05-04T16:15:31","modified_gmt":"2025-05-04T16:15:31","slug":"biochar","status":"publish","type":"page","link":"https:\/\/yayopgroup.com\/fr\/biochar\/","title":{"rendered":"Le biocharest"},"content":{"rendered":"<div data-elementor-type=\"wp-page\" data-elementor-id=\"3407\" class=\"elementor elementor-3407\">\n\t\t\t\t\t\t<section class=\"elementor-section elementor-top-section elementor-element elementor-element-9b2d6fd elementor-section-boxed elementor-section-height-default elementor-section-height-default shape-bg-top-no\" data-id=\"9b2d6fd\" data-element_type=\"section\" data-settings=\"{&quot;background_background&quot;:&quot;slideshow&quot;,&quot;background_slideshow_gallery&quot;:[{&quot;id&quot;:3487,&quot;url&quot;:&quot;https:\\\/\\\/yayopgroup.com\\\/wp-content\\\/uploads\\\/2025\\\/05\\\/Biochar-2000x1333-1.webp&quot;},{&quot;id&quot;:3488,&quot;url&quot;:&quot;https:\\\/\\\/yayopgroup.com\\\/wp-content\\\/uploads\\\/2025\\\/05\\\/Biochar-2000x1333-Copy.webp&quot;}],&quot;background_slideshow_ken_burns&quot;:&quot;yes&quot;,&quot;background_slideshow_loop&quot;:&quot;yes&quot;,&quot;background_slideshow_slide_duration&quot;:5000,&quot;background_slideshow_slide_transition&quot;:&quot;fade&quot;,&quot;background_slideshow_transition_duration&quot;:500,&quot;background_slideshow_ken_burns_zoom_direction&quot;:&quot;in&quot;}\">\n\t\t\t\t\t\t<div class=\"elementor-container elementor-column-gap-default\">\n\t\t\t\t\t<div class=\"elementor-column elementor-col-100 elementor-top-column elementor-element elementor-element-9ffb2c9\" data-id=\"9ffb2c9\" data-element_type=\"column\">\n\t\t\t<div class=\"elementor-widget-wrap elementor-element-populated\">\n\t\t\t\t\t\t<div class=\"elementor-element elementor-element-60b1d57 elementor-widget elementor-widget-spacer\" data-id=\"60b1d57\" data-element_type=\"widget\" data-widget_type=\"spacer.default\">\n\t\t\t\t<div class=\"elementor-widget-container\">\n\t\t\t\t\t\t\t<div class=\"elementor-spacer\">\n\t\t\t<div class=\"elementor-spacer-inner\"><\/div>\n\t\t<\/div>\n\t\t\t\t\t\t<\/div>\n\t\t\t\t<\/div>\n\t\t\t\t\t<\/div>\n\t\t<\/div>\n\t\t\t\t\t<\/div>\n\t\t<\/section>\n\t\t\t\t<section class=\"elementor-section elementor-top-section elementor-element elementor-element-d667937 elementor-section-boxed elementor-section-height-default elementor-section-height-default shape-bg-top-no shape-bg-bottom-no\" data-id=\"d667937\" data-element_type=\"section\">\n\t\t\t\t\t\t<div class=\"elementor-container elementor-column-gap-default\">\n\t\t\t\t\t<div class=\"elementor-column elementor-col-50 elementor-top-column elementor-element elementor-element-af11c6d elementor-invisible\" data-id=\"af11c6d\" data-element_type=\"column\" data-settings=\"{&quot;animation&quot;:&quot;bounceIn&quot;}\">\n\t\t\t<div class=\"elementor-widget-wrap elementor-element-populated\">\n\t\t\t\t\t\t<div class=\"elementor-element elementor-element-487ab03 elementor-widget elementor-widget-spacer\" data-id=\"487ab03\" data-element_type=\"widget\" data-widget_type=\"spacer.default\">\n\t\t\t\t<div class=\"elementor-widget-container\">\n\t\t\t\t\t\t\t<div class=\"elementor-spacer\">\n\t\t\t<div class=\"elementor-spacer-inner\"><\/div>\n\t\t<\/div>\n\t\t\t\t\t\t<\/div>\n\t\t\t\t<\/div>\n\t\t\t\t<div class=\"elementor-element elementor-element-9c58ddd elementor-widget elementor-widget-image\" data-id=\"9c58ddd\" data-element_type=\"widget\" data-widget_type=\"image.default\">\n\t\t\t\t<div class=\"elementor-widget-container\">\n\t\t\t\t\t\t\t\t\t\t\t\t\t\t\t<img fetchpriority=\"high\" decoding=\"async\" width=\"433\" height=\"346\" src=\"https:\/\/yayopgroup.com\/wp-content\/uploads\/2025\/05\/biochar-1.jpg\" class=\"attachment-large size-large wp-image-3409\" alt=\"\" srcset=\"https:\/\/yayopgroup.com\/wp-content\/uploads\/2025\/05\/biochar-1.jpg 433w, https:\/\/yayopgroup.com\/wp-content\/uploads\/2025\/05\/biochar-1-15x12.jpg 15w\" sizes=\"(max-width: 433px) 100vw, 433px\" \/>\t\t\t\t\t\t\t\t\t\t\t\t\t\t\t<\/div>\n\t\t\t\t<\/div>\n\t\t\t\t\t<\/div>\n\t\t<\/div>\n\t\t\t\t<div class=\"elementor-column elementor-col-50 elementor-top-column elementor-element elementor-element-023b828\" data-id=\"023b828\" data-element_type=\"column\">\n\t\t\t<div class=\"elementor-widget-wrap elementor-element-populated\">\n\t\t\t\t\t\t<div class=\"elementor-element elementor-element-f38bbbb elementor-widget elementor-widget-spacer\" data-id=\"f38bbbb\" data-element_type=\"widget\" data-widget_type=\"spacer.default\">\n\t\t\t\t<div class=\"elementor-widget-container\">\n\t\t\t\t\t\t\t<div class=\"elementor-spacer\">\n\t\t\t<div class=\"elementor-spacer-inner\"><\/div>\n\t\t<\/div>\n\t\t\t\t\t\t<\/div>\n\t\t\t\t<\/div>\n\t\t\t\t<div class=\"elementor-element elementor-element-1d0e402 elementor-invisible elementor-widget elementor-widget-gva-heading-block\" data-id=\"1d0e402\" data-element_type=\"widget\" data-settings=\"{&quot;_animation&quot;:&quot;slideInRight&quot;}\" data-widget_type=\"gva-heading-block.default\">\n\t\t\t\t<div class=\"elementor-widget-container\">\n\t\t\t\t\t<div class=\"gva-element-gva-heading-block gva-element\">   <div class=\"align-left style-1 widget gsc-heading box-align-left auto-responsive\">\r\n      <div class=\"content-inner\">\r\n         \r\n                  \r\n         <div class=\"sub-title\"><span class=\"heading-icon\"><img decoding=\"async\" src=\"https:\/\/yayopgroup.com\/wp-content\/plugins\/orgarium-themer\/elementor\/assets\/images\/icon-heading.png\" alt=\"\" \/><\/span><span class=\"tagline\">Le biocharest<\/span><\/div>  \r\n         \r\n                  \r\n         \r\n      <\/div>\r\n   <\/div>\r\n<\/div>\t\t\t\t<\/div>\n\t\t\t\t<\/div>\n\t\t\t\t<div class=\"elementor-element elementor-element-35fb80f elementor-invisible elementor-widget elementor-widget-text-editor\" data-id=\"35fb80f\" data-element_type=\"widget\" data-settings=\"{&quot;_animation&quot;:&quot;fadeIn&quot;}\" data-widget_type=\"text-editor.default\">\n\t\t\t\t<div class=\"elementor-widget-container\">\n\t\t\t\t\t\t\t\t\t<p style=\"text-align: justify;\"><strong>Biochar \u2013 Une Solution Durable pour le Sol et le Climat<\/strong><\/p><p style=\"text-align: justify;\"><strong>Le biocharest<\/strong> un amendement de sol riche encarbone, issu de la pyrolyse de biomasse. Il am\u00e9liore la fertilit\u00e9 des sols, augmente la r\u00e9tentiond\u2019eau et r\u00e9duitconsid\u00e9rablement les \u00e9missions de gaz \u00e0 effet de serre enstockantdurablement le carbone. Notre biochar estune alternative \u00e9cologique qui favoriseune agriculture durable et la restauration des \u00e9cosyst\u00e8mes.<\/p>\t\t\t\t\t\t\t\t<\/div>\n\t\t\t\t<\/div>\n\t\t\t\t\t<\/div>\n\t\t<\/div>\n\t\t\t\t\t<\/div>\n\t\t<\/section>\n\t\t\t\t<section class=\"elementor-section elementor-top-section elementor-element elementor-element-e8bd9cf elementor-section-boxed elementor-section-height-default elementor-section-height-default shape-bg-top-no shape-bg-bottom-no\" data-id=\"e8bd9cf\" data-element_type=\"section\">\n\t\t\t\t\t\t<div class=\"elementor-container elementor-column-gap-default\">\n\t\t\t\t\t<div class=\"elementor-column elementor-col-50 elementor-top-column elementor-element elementor-element-d35de3c\" data-id=\"d35de3c\" data-element_type=\"column\">\n\t\t\t<div class=\"elementor-widget-wrap elementor-element-populated\">\n\t\t\t\t\t\t<div class=\"elementor-element elementor-element-fe37798 elementor-widget elementor-widget-spacer\" data-id=\"fe37798\" data-element_type=\"widget\" data-widget_type=\"spacer.default\">\n\t\t\t\t<div class=\"elementor-widget-container\">\n\t\t\t\t\t\t\t<div class=\"elementor-spacer\">\n\t\t\t<div class=\"elementor-spacer-inner\"><\/div>\n\t\t<\/div>\n\t\t\t\t\t\t<\/div>\n\t\t\t\t<\/div>\n\t\t\t\t<div class=\"elementor-element elementor-element-4b8503e elementor-invisible elementor-widget elementor-widget-text-editor\" data-id=\"4b8503e\" data-element_type=\"widget\" data-settings=\"{&quot;_animation&quot;:&quot;fadeIn&quot;}\" data-widget_type=\"text-editor.default\">\n\t\t\t\t<div class=\"elementor-widget-container\">\n\t\t\t\t\t\t\t\t\t<p>\ud83d\udd39<strong>PrincipauxAvantages<\/strong><br \/>Am\u00e9liore la structure et la fertilit\u00e9 du sol<br \/>Retientl\u2019humidit\u00e9, r\u00e9duisantainsi les besoinsen eau<br \/>Favorise la vie microbienne et l\u2019absorption des nutriments<br \/>Capture et stocke le carbone, aidant \u00e0luttercontre le changementclimatique<br \/>Soutientl\u2019agriculture durable et la reforestation<\/p><p>\ud83d\udd39<strong>Notre Engagement<\/strong><br \/>Chez <strong>Chez Yayop Group<\/strong>nous produisons un biochar de haute qualit\u00e9 \u00e0 partir de biomasse issue de sources responsables. Notre mission estd\u2019offrir des solutions durables qui profitent \u00e0 la fois aux agriculteurs et \u00e0 l\u2019environnement, tout encontribuantactivement \u00e0 la r\u00e9silienceclimatiqueenR\u00e9publique <strong>R\u00e9publique D\u00e9mocratique du Congo.<\/strong>.<\/p>\t\t\t\t\t\t\t\t<\/div>\n\t\t\t\t<\/div>\n\t\t\t\t\t<\/div>\n\t\t<\/div>\n\t\t\t\t<div class=\"elementor-column elementor-col-50 elementor-top-column elementor-element elementor-element-16acacd\" data-id=\"16acacd\" data-element_type=\"column\">\n\t\t\t<div class=\"elementor-widget-wrap elementor-element-populated\">\n\t\t\t\t\t\t<div class=\"elementor-element elementor-element-8460595 elementor-invisible elementor-widget elementor-widget-image\" data-id=\"8460595\" data-element_type=\"widget\" data-settings=\"{&quot;_animation&quot;:&quot;bounceIn&quot;}\" data-widget_type=\"image.default\">\n\t\t\t\t<div class=\"elementor-widget-container\">\n\t\t\t\t\t\t\t\t\t\t\t\t\t\t\t<img decoding=\"async\" width=\"433\" height=\"346\" src=\"https:\/\/yayopgroup.com\/wp-content\/uploads\/2025\/05\/biochar-2.jpg\" class=\"attachment-large size-large wp-image-3419\" alt=\"\" srcset=\"https:\/\/yayopgroup.com\/wp-content\/uploads\/2025\/05\/biochar-2.jpg 433w, https:\/\/yayopgroup.com\/wp-content\/uploads\/2025\/05\/biochar-2-15x12.jpg 15w\" sizes=\"(max-width: 433px) 100vw, 433px\" \/>\t\t\t\t\t\t\t\t\t\t\t\t\t\t\t<\/div>\n\t\t\t\t<\/div>\n\t\t\t\t\t<\/div>\n\t\t<\/div>\n\t\t\t\t\t<\/div>\n\t\t<\/section>\n\t\t\t\t<section class=\"elementor-section elementor-top-section elementor-element elementor-element-968a769 elementor-section-boxed elementor-section-height-default elementor-section-height-default shape-bg-top-no shape-bg-bottom-no\" data-id=\"968a769\" data-element_type=\"section\">\n\t\t\t\t\t\t<div class=\"elementor-container elementor-column-gap-default\">\n\t\t\t\t\t<div class=\"elementor-column elementor-col-50 elementor-top-column elementor-element elementor-element-3ba3c9b\" data-id=\"3ba3c9b\" data-element_type=\"column\">\n\t\t\t<div class=\"elementor-widget-wrap elementor-element-populated\">\n\t\t\t\t\t\t<div class=\"elementor-element elementor-element-76929ca elementor-invisible elementor-widget elementor-widget-image\" data-id=\"76929ca\" data-element_type=\"widget\" data-settings=\"{&quot;_animation&quot;:&quot;bounceIn&quot;}\" data-widget_type=\"image.default\">\n\t\t\t\t<div class=\"elementor-widget-container\">\n\t\t\t\t\t\t\t\t\t\t\t\t\t\t\t<img decoding=\"async\" width=\"650\" height=\"445\" src=\"https:\/\/yayopgroup.com\/wp-content\/uploads\/2025\/05\/char-2.jpg\" class=\"attachment-large size-large wp-image-3482\" alt=\"\" srcset=\"https:\/\/yayopgroup.com\/wp-content\/uploads\/2025\/05\/char-2.jpg 650w, https:\/\/yayopgroup.com\/wp-content\/uploads\/2025\/05\/char-2-18x12.jpg 18w\" sizes=\"(max-width: 650px) 100vw, 650px\" \/>\t\t\t\t\t\t\t\t\t\t\t\t\t\t\t<\/div>\n\t\t\t\t<\/div>\n\t\t\t\t\t<\/div>\n\t\t<\/div>\n\t\t\t\t<div class=\"elementor-column elementor-col-50 elementor-top-column elementor-element elementor-element-9e293f5\" data-id=\"9e293f5\" data-element_type=\"column\">\n\t\t\t<div class=\"elementor-widget-wrap elementor-element-populated\">\n\t\t\t\t\t\t<div class=\"elementor-element elementor-element-2070ebe elementor-invisible elementor-widget elementor-widget-image\" data-id=\"2070ebe\" data-element_type=\"widget\" data-settings=\"{&quot;_animation&quot;:&quot;bounceIn&quot;}\" data-widget_type=\"image.default\">\n\t\t\t\t<div class=\"elementor-widget-container\">\n\t\t\t\t\t\t\t\t\t\t\t\t\t\t\t<img loading=\"lazy\" decoding=\"async\" width=\"650\" height=\"445\" src=\"https:\/\/yayopgroup.com\/wp-content\/uploads\/2025\/05\/char-1.jpg\" class=\"attachment-large size-large wp-image-3483\" alt=\"\" srcset=\"https:\/\/yayopgroup.com\/wp-content\/uploads\/2025\/05\/char-1.jpg 650w, https:\/\/yayopgroup.com\/wp-content\/uploads\/2025\/05\/char-1-18x12.jpg 18w\" sizes=\"(max-width: 650px) 100vw, 650px\" \/>\t\t\t\t\t\t\t\t\t\t\t\t\t\t\t<\/div>\n\t\t\t\t<\/div>\n\t\t\t\t\t<\/div>\n\t\t<\/div>\n\t\t\t\t\t<\/div>\n\t\t<\/section>\n\t\t\t\t<\/div>","protected":false},"excerpt":{"rendered":"<p>Biochar Biochar \u2013 A Sustainable Solution for Soil &amp; Climate Biochar is a high-carbon, organic soil amendment produced through the pyrolysis of biomass. It enhances soil fertility, improves water retention, [&hellip;]<\/p>","protected":false},"author":1,"featured_media":0,"parent":0,"menu_order":0,"comment_status":"closed","ping_status":"closed","template":"","meta":{"footnotes":""},"class_list":["post-3407","page","type-page","status-publish","hentry"],"_links":{"self":[{"href":"https:\/\/yayopgroup.com\/fr\/wp-json\/wp\/v2\/pages\/3407","targetHints":{"allow":["GET"]}}],"collection":[{"href":"https:\/\/yayopgroup.com\/fr\/wp-json\/wp\/v2\/pages"}],"about":[{"href":"https:\/\/yayopgroup.com\/fr\/wp-json\/wp\/v2\/types\/page"}],"author":[{"embeddable":true,"href":"https:\/\/yayopgroup.com\/fr\/wp-json\/wp\/v2\/users\/1"}],"replies":[{"embeddable":true,"href":"https:\/\/yayopgroup.com\/fr\/wp-json\/wp\/v2\/comments?post=3407"}],"version-history":[{"count":25,"href":"https:\/\/yayopgroup.com\/fr\/wp-json\/wp\/v2\/pages\/3407\/revisions"}],"predecessor-version":[{"id":3491,"href":"https:\/\/yayopgroup.com\/fr\/wp-json\/wp\/v2\/pages\/3407\/revisions\/3491"}],"wp:attachment":[{"href":"https:\/\/yayopgroup.com\/fr\/wp-json\/wp\/v2\/media?parent=3407"}],"curies":[{"name":"wp","href":"https:\/\/api.w.org\/{rel}","templated":true}]}}