 {"id":2603,"date":"2024-04-18T12:34:20","date_gmt":"2024-04-18T12:34:20","guid":{"rendered":"https:\/\/yayopgroup.com\/?page_id=2603"},"modified":"2024-07-09T05:00:47","modified_gmt":"2024-07-09T05:00:47","slug":"charcoal-stove","status":"publish","type":"page","link":"https:\/\/yayopgroup.com\/fr\/charcoal-stove\/","title":{"rendered":"Foyer \u00e0 Charbon"},"content":{"rendered":"<div data-elementor-type=\"wp-page\" data-elementor-id=\"2603\" class=\"elementor elementor-2603\">\n\t\t\t\t\t\t<section class=\"elementor-section elementor-top-section elementor-element elementor-element-9b2d6fd elementor-section-boxed elementor-section-height-default elementor-section-height-default shape-bg-top-no\" data-id=\"9b2d6fd\" data-element_type=\"section\" data-settings=\"{&quot;background_background&quot;:&quot;slideshow&quot;,&quot;background_slideshow_gallery&quot;:[{&quot;id&quot;:3129,&quot;url&quot;:&quot;https:\\\/\\\/yayopgroup.com\\\/wp-content\\\/uploads\\\/2024\\\/05\\\/IMG_1158-Copy.png&quot;},{&quot;id&quot;:3130,&quot;url&quot;:&quot;https:\\\/\\\/yayopgroup.com\\\/wp-content\\\/uploads\\\/2024\\\/05\\\/IMG_1158.png&quot;}],&quot;background_slideshow_ken_burns&quot;:&quot;yes&quot;,&quot;background_slideshow_loop&quot;:&quot;yes&quot;,&quot;background_slideshow_slide_duration&quot;:5000,&quot;background_slideshow_slide_transition&quot;:&quot;fade&quot;,&quot;background_slideshow_transition_duration&quot;:500,&quot;background_slideshow_ken_burns_zoom_direction&quot;:&quot;in&quot;}\">\n\t\t\t\t\t\t<div class=\"elementor-container elementor-column-gap-default\">\n\t\t\t\t\t<div class=\"elementor-column elementor-col-100 elementor-top-column elementor-element elementor-element-9ffb2c9\" data-id=\"9ffb2c9\" data-element_type=\"column\">\n\t\t\t<div class=\"elementor-widget-wrap elementor-element-populated\">\n\t\t\t\t\t\t<div class=\"elementor-element elementor-element-60b1d57 elementor-widget elementor-widget-spacer\" data-id=\"60b1d57\" data-element_type=\"widget\" data-widget_type=\"spacer.default\">\n\t\t\t\t<div class=\"elementor-widget-container\">\n\t\t\t\t\t\t\t<div class=\"elementor-spacer\">\n\t\t\t<div class=\"elementor-spacer-inner\"><\/div>\n\t\t<\/div>\n\t\t\t\t\t\t<\/div>\n\t\t\t\t<\/div>\n\t\t\t\t\t<\/div>\n\t\t<\/div>\n\t\t\t\t\t<\/div>\n\t\t<\/section>\n\t\t<div class=\"elementor-element elementor-element-36f38c3 e-flex e-con-boxed e-con e-parent\" data-id=\"36f38c3\" data-element_type=\"container\">\n\t\t\t\t\t<div class=\"e-con-inner\">\n\t\t\t\t<div class=\"elementor-element elementor-element-513d209 elementor-widget elementor-widget-spacer\" data-id=\"513d209\" data-element_type=\"widget\" data-widget_type=\"spacer.default\">\n\t\t\t\t<div class=\"elementor-widget-container\">\n\t\t\t\t\t\t\t<div class=\"elementor-spacer\">\n\t\t\t<div class=\"elementor-spacer-inner\"><\/div>\n\t\t<\/div>\n\t\t\t\t\t\t<\/div>\n\t\t\t\t<\/div>\n\t\t\t\t\t<\/div>\n\t\t\t\t<\/div>\n\t\t<div class=\"elementor-element elementor-element-0acf128 e-flex e-con-boxed e-con e-parent\" data-id=\"0acf128\" data-element_type=\"container\">\n\t\t\t\t\t<div class=\"e-con-inner\">\n\t\t\t\t<div class=\"elementor-element elementor-element-a55a69b elementor-widget elementor-widget-text-editor\" data-id=\"a55a69b\" data-element_type=\"widget\" data-widget_type=\"text-editor.default\">\n\t\t\t\t<div class=\"elementor-widget-container\">\n\t\t\t\t\t\t\t\t\t<p><span style=\"color: #000000;\">Nous introduisons des po\u00eales \u00e0 charbon (braseros) efficaces et \u00e9cologiques con\u00e7us pour r\u00e9pondre aux besoins de cuisson de la R\u00e9publique D\u00e9mocratique du Congo (RDC). Nos po\u00eales \u00e0 charbon offrent une solution \u00e9conomique qui non seulement r\u00e9duit les \u00e9missions de CO2, mais fournit \u00e9galement une ressource vitale pour la cuisson des communaut\u00e9s o\u00f9 l'acc\u00e8s \u00e0 l'\u00e9lectricit\u00e9 est limit\u00e9.<\/span><\/p>\n<p><span style=\"color: #000000;\">En RDC, o\u00f9 environ 90 % de la population n'a pas d'\u00e9lectricit\u00e9, nos po\u00eales \u00e0 charbon jouent un r\u00f4le essentiel dans la vie quotidienne. En utilisant nos cuisini\u00e8res, les familles peuvent cuisiner leurs repas en toute s\u00e9curit\u00e9 et \u00e0 moindre co\u00fbt, minimisant ainsi le recours aux m\u00e9thodes traditionnelles qui contribuent \u00e0 la d\u00e9forestation et \u00e0 la pollution de l'air int\u00e9rieur.<\/span><\/p>\n<p><span style=\"color: #000000;\">&nbsp;<\/span><span style=\"color: rgb(0, 0, 0); text-align: var(--text-align); font-family: var(--orgarium-font-sans-serif);\">L\u2019impact des \u00e9missions de CO2 n\u2019est pas seulement environnemental : il affecte directement la sant\u00e9 humaine. De nombreuses personnes en RDC souffrent de maladies respiratoires et de d\u00e9c\u00e8s pr\u00e9matur\u00e9s dus \u00e0 la pollution de l'air int\u00e9rieur caus\u00e9e par des pratiques de cuisson inefficaces. Nos po\u00eales \u00e0 charbon soigneusement con\u00e7us offrent une alternative plus s\u00fbre, r\u00e9duisant ces risques tout en favorisant des solutions de cuisson durables.<\/span><\/p>\n<p><span style=\"color: #000000;\">&nbsp;<\/span><span style=\"color: rgb(0, 0, 0); text-align: var(--text-align); font-family: var(--orgarium-font-sans-serif);\">Rejoignez-nous pour responsabiliser les communaut\u00e9s de la RDC gr\u00e2ce \u00e0 une technologie de cuisson propre et efficace. Ensemble, faisons une diff\u00e9rence positive dans la vie des gens et dans la sant\u00e9 de notre plan\u00e8te.<\/span><\/p>\t\t\t\t\t\t\t\t<\/div>\n\t\t\t\t<\/div>\n\t\t\t\t\t<\/div>\n\t\t\t\t<\/div>\n\t\t\t\t<section class=\"elementor-section elementor-top-section elementor-element elementor-element-d667937 elementor-section-boxed elementor-section-height-default elementor-section-height-default shape-bg-top-no shape-bg-bottom-no\" data-id=\"d667937\" data-element_type=\"section\">\n\t\t\t\t\t\t<div class=\"elementor-container elementor-column-gap-default\">\n\t\t\t\t\t<div class=\"elementor-column elementor-col-50 elementor-top-column elementor-element elementor-element-023b828\" data-id=\"023b828\" data-element_type=\"column\">\n\t\t\t<div class=\"elementor-widget-wrap elementor-element-populated\">\n\t\t\t\t\t\t<div class=\"elementor-element elementor-element-f38bbbb elementor-widget elementor-widget-spacer\" data-id=\"f38bbbb\" data-element_type=\"widget\" data-widget_type=\"spacer.default\">\n\t\t\t\t<div class=\"elementor-widget-container\">\n\t\t\t\t\t\t\t<div class=\"elementor-spacer\">\n\t\t\t<div class=\"elementor-spacer-inner\"><\/div>\n\t\t<\/div>\n\t\t\t\t\t\t<\/div>\n\t\t\t\t<\/div>\n\t\t\t\t<div class=\"elementor-element elementor-element-1d0e402 elementor-widget elementor-widget-gva-heading-block\" data-id=\"1d0e402\" data-element_type=\"widget\" data-widget_type=\"gva-heading-block.default\">\n\t\t\t\t<div class=\"elementor-widget-container\">\n\t\t\t\t\t<div class=\"gva-element-gva-heading-block gva-element\">   <div class=\"align-left style-1 widget gsc-heading box-align-left auto-responsive\">\r\n      <div class=\"content-inner\">\r\n         \r\n                  \r\n         <div class=\"sub-title\"><span class=\"heading-icon\"><img decoding=\"async\" src=\"https:\/\/yayopgroup.com\/wp-content\/plugins\/orgarium-themer\/elementor\/assets\/images\/icon-heading.png\" alt=\"\" \/><\/span><span class=\"tagline\">Avantages du po\u00eale<\/span><\/div>  \r\n         \r\n                  \r\n         \r\n      <\/div>\r\n   <\/div>\r\n<\/div>\t\t\t\t<\/div>\n\t\t\t\t<\/div>\n\t\t\t\t<div class=\"elementor-element elementor-element-35fb80f elementor-widget elementor-widget-text-editor\" data-id=\"35fb80f\" data-element_type=\"widget\" data-widget_type=\"text-editor.default\">\n\t\t\t\t<div class=\"elementor-widget-container\">\n\t\t\t\t\t\t\t\t\t<p><span style=\"color: #000000;\">1. Efficacit\u00e9 \u00e9nerg\u00e9tique : Les foyers am\u00e9lior\u00e9s sont con\u00e7us pour br\u00fbler le combustible plus efficacement que les feux ouverts traditionnels ou les foyers de base. Cette efficacit\u00e9 peut conduire \u00e0 des \u00e9conomies de carburant significatives, r\u00e9duisant ainsi la quantit\u00e9 de bois, de charbon de bois ou d'autres biomasses n\u00e9cessaires \u00e0 la cuisson.<\/span><br \/><span style=\"color: #000000;\">2. Gain de temps : En br\u00fblant le combustible plus efficacement, les foyers am\u00e9lior\u00e9s peuvent r\u00e9duire le temps n\u00e9cessaire \u00e0 la cuisson. Ceci est particuli\u00e8rement b\u00e9n\u00e9fique pour les femmes et les filles qui assument traditionnellement la responsabilit\u00e9 de rassembler le combustible et de pr\u00e9parer les repas.<\/span><br \/><span style=\"color: #000000;\">3. Avantages pour la sant\u00e9\u00a0: les cuisini\u00e8res am\u00e9lior\u00e9es sont con\u00e7ues pour produire moins de fum\u00e9e et d'\u00e9missions toxiques par rapport aux m\u00e9thodes de cuisson traditionnelles. Cette r\u00e9duction de la pollution de l\u2019air int\u00e9rieur peut conduire \u00e0 une meilleure sant\u00e9 respiratoire des m\u00e9nages, en particulier des femmes et des enfants qui sont les plus touch\u00e9s par une exposition prolong\u00e9e \u00e0 la fum\u00e9e.<\/span><br \/><span style=\"color: #000000;\">4. Impact environnemental : L'utilisation de foyers am\u00e9lior\u00e9s peut contribuer \u00e0 r\u00e9duire la d\u00e9forestation et la d\u00e9gradation de l'environnement en diminuant la demande de bois de chauffage et de charbon de bois. Cela contribue aux efforts de gestion durable des ressources et de conservation.<\/span><\/p>\t\t\t\t\t\t\t\t<\/div>\n\t\t\t\t<\/div>\n\t\t\t\t\t<\/div>\n\t\t<\/div>\n\t\t\t\t<div class=\"elementor-column elementor-col-50 elementor-top-column elementor-element elementor-element-5a8fba4\" data-id=\"5a8fba4\" data-element_type=\"column\">\n\t\t\t<div class=\"elementor-widget-wrap elementor-element-populated\">\n\t\t\t\t\t\t<div class=\"elementor-element elementor-element-c58c877 elementor-widget elementor-widget-image\" data-id=\"c58c877\" data-element_type=\"widget\" data-widget_type=\"image.default\">\n\t\t\t\t<div class=\"elementor-widget-container\">\n\t\t\t\t\t\t\t\t\t\t\t\t\t\t\t<img fetchpriority=\"high\" decoding=\"async\" width=\"900\" height=\"975\" src=\"https:\/\/yayopgroup.com\/wp-content\/uploads\/2024\/07\/charcoal-stove-945x1024.jpg\" class=\"attachment-large size-large wp-image-3330\" alt=\"\" srcset=\"https:\/\/yayopgroup.com\/wp-content\/uploads\/2024\/07\/charcoal-stove-945x1024.jpg 945w, https:\/\/yayopgroup.com\/wp-content\/uploads\/2024\/07\/charcoal-stove-768x832.jpg 768w, https:\/\/yayopgroup.com\/wp-content\/uploads\/2024\/07\/charcoal-stove-11x12.jpg 11w, https:\/\/yayopgroup.com\/wp-content\/uploads\/2024\/07\/charcoal-stove.jpg 1290w\" sizes=\"(max-width: 900px) 100vw, 900px\" \/>\t\t\t\t\t\t\t\t\t\t\t\t\t\t\t<\/div>\n\t\t\t\t<\/div>\n\t\t\t\t\t<\/div>\n\t\t<\/div>\n\t\t\t\t\t<\/div>\n\t\t<\/section>\n\t\t\t\t<section class=\"elementor-section elementor-top-section elementor-element elementor-element-236ecd0 elementor-section-boxed elementor-section-height-default elementor-section-height-default shape-bg-top-no shape-bg-bottom-no\" data-id=\"236ecd0\" data-element_type=\"section\">\n\t\t\t\t\t\t<div class=\"elementor-container elementor-column-gap-default\">\n\t\t\t\t\t<div class=\"elementor-column elementor-col-50 elementor-top-column elementor-element elementor-element-be1c9ac\" data-id=\"be1c9ac\" data-element_type=\"column\">\n\t\t\t<div class=\"elementor-widget-wrap elementor-element-populated\">\n\t\t\t\t\t\t<div class=\"elementor-element elementor-element-8b1c70d elementor-widget elementor-widget-image\" data-id=\"8b1c70d\" data-element_type=\"widget\" data-widget_type=\"image.default\">\n\t\t\t\t<div class=\"elementor-widget-container\">\n\t\t\t\t\t\t\t\t\t\t\t\t\t\t\t<img decoding=\"async\" width=\"900\" height=\"808\" src=\"https:\/\/yayopgroup.com\/wp-content\/uploads\/2024\/07\/charcoal-stove-1-1024x919.jpg\" class=\"attachment-large size-large wp-image-3334\" alt=\"\" srcset=\"https:\/\/yayopgroup.com\/wp-content\/uploads\/2024\/07\/charcoal-stove-1-1024x919.jpg 1024w, https:\/\/yayopgroup.com\/wp-content\/uploads\/2024\/07\/charcoal-stove-1-600x540.jpg 600w, https:\/\/yayopgroup.com\/wp-content\/uploads\/2024\/07\/charcoal-stove-1-768x689.jpg 768w, https:\/\/yayopgroup.com\/wp-content\/uploads\/2024\/07\/charcoal-stove-1-13x12.jpg 13w, https:\/\/yayopgroup.com\/wp-content\/uploads\/2024\/07\/charcoal-stove-1.jpg 1290w\" sizes=\"(max-width: 900px) 100vw, 900px\" \/>\t\t\t\t\t\t\t\t\t\t\t\t\t\t\t<\/div>\n\t\t\t\t<\/div>\n\t\t\t\t\t<\/div>\n\t\t<\/div>\n\t\t\t\t<div class=\"elementor-column elementor-col-50 elementor-top-column elementor-element elementor-element-983d11f\" data-id=\"983d11f\" data-element_type=\"column\">\n\t\t\t<div class=\"elementor-widget-wrap elementor-element-populated\">\n\t\t\t\t\t\t<div class=\"elementor-element elementor-element-7cf81b9 elementor-widget elementor-widget-text-editor\" data-id=\"7cf81b9\" data-element_type=\"widget\" data-widget_type=\"text-editor.default\">\n\t\t\t\t<div class=\"elementor-widget-container\">\n\t\t\t\t\t\t\t\t\t<p><span style=\"color: #000000;\">5. S\u00e9curit\u00e9 : Les foyers am\u00e9lior\u00e9s sont souvent con\u00e7us avec des dispositifs de s\u00e9curit\u00e9 qui r\u00e9duisent le risque de br\u00fblures ou d'incendies accidentels. Ils offrent une plate-forme de cuisson plus stable et contr\u00f4l\u00e9e que les feux ouverts, ce qui les rend plus s\u00fbrs \u00e0 utiliser, en particulier dans les foyers avec enfants.<\/span><br \/><span style=\"color: #000000;\">6. Abordabilit\u00e9\u00a0: M\u00eame si les co\u00fbts initiaux d'acquisition d'un foyer am\u00e9lior\u00e9 peuvent varier, les \u00e9conomies \u00e0 long terme sur les co\u00fbts de carburant peuvent en faire une option rentable pour les m\u00e9nages des communaut\u00e9s \u00e0 faible revenu.<\/span><br \/><span style=\"color: #000000;\">7. Avantages sociaux\u00a0: En r\u00e9duisant le temps consacr\u00e9 \u00e0 la collecte du combustible et \u00e0 la cuisson, les foyers am\u00e9lior\u00e9s peuvent permettre aux femmes et aux filles de s'engager dans d'autres activit\u00e9s productives telles que l'\u00e9ducation ou des opportunit\u00e9s g\u00e9n\u00e9ratrices de revenus.<\/span><br \/><span style=\"color: #000000;\">8. Adaptabilit\u00e9 : Les foyers am\u00e9lior\u00e9s peuvent \u00eatre adapt\u00e9s pour utiliser une vari\u00e9t\u00e9 de combustibles disponibles localement, offrant ainsi une flexibilit\u00e9 dans les r\u00e9gions o\u00f9 diff\u00e9rents types de biomasse sont utilis\u00e9s pour la cuisson.<\/span><br \/><span style=\"color: #000000;\">9. D\u00e9veloppement communautaire : L'adoption de foyers am\u00e9lior\u00e9s peut contribuer au d\u00e9veloppement communautaire en promouvant des pratiques culinaires plus propres et plus durables. Cela peut \u00e9galement cr\u00e9er des opportunit\u00e9s pour les entrepreneurs locaux impliqu\u00e9s dans la production et la distribution de foyers.<\/span><\/p>\t\t\t\t\t\t\t\t<\/div>\n\t\t\t\t<\/div>\n\t\t\t\t\t<\/div>\n\t\t<\/div>\n\t\t\t\t\t<\/div>\n\t\t<\/section>\n\t\t\t\t<\/div>","protected":false},"excerpt":{"rendered":"<p>We introduce efficient and eco-friendly charcoal stoves (braziers) designed to meet the cooking needs of the Democratic Republic of Congo (RDC). Our charcoal stoves offer an economical solution that not [&hellip;]<\/p>","protected":false},"author":1,"featured_media":0,"parent":0,"menu_order":0,"comment_status":"closed","ping_status":"closed","template":"","meta":{"footnotes":""},"class_list":["post-2603","page","type-page","status-publish","hentry"],"_links":{"self":[{"href":"https:\/\/yayopgroup.com\/fr\/wp-json\/wp\/v2\/pages\/2603","targetHints":{"allow":["GET"]}}],"collection":[{"href":"https:\/\/yayopgroup.com\/fr\/wp-json\/wp\/v2\/pages"}],"about":[{"href":"https:\/\/yayopgroup.com\/fr\/wp-json\/wp\/v2\/types\/page"}],"author":[{"embeddable":true,"href":"https:\/\/yayopgroup.com\/fr\/wp-json\/wp\/v2\/users\/1"}],"replies":[{"embeddable":true,"href":"https:\/\/yayopgroup.com\/fr\/wp-json\/wp\/v2\/comments?post=2603"}],"version-history":[{"count":22,"href":"https:\/\/yayopgroup.com\/fr\/wp-json\/wp\/v2\/pages\/2603\/revisions"}],"predecessor-version":[{"id":3338,"href":"https:\/\/yayopgroup.com\/fr\/wp-json\/wp\/v2\/pages\/2603\/revisions\/3338"}],"wp:attachment":[{"href":"https:\/\/yayopgroup.com\/fr\/wp-json\/wp\/v2\/media?parent=2603"}],"curies":[{"name":"wp","href":"https:\/\/api.w.org\/{rel}","templated":true}]}}