 {"id":2600,"date":"2024-04-18T12:32:07","date_gmt":"2024-04-18T12:32:07","guid":{"rendered":"https:\/\/yayopgroup.com\/?page_id=2600"},"modified":"2024-05-11T14:44:15","modified_gmt":"2024-05-11T14:44:15","slug":"firestarters","status":"publish","type":"page","link":"https:\/\/yayopgroup.com\/fr\/firestarters\/","title":{"rendered":"Allume-feu"},"content":{"rendered":"<div data-elementor-type=\"wp-page\" data-elementor-id=\"2600\" class=\"elementor elementor-2600\">\n\t\t\t\t\t\t<section class=\"elementor-section elementor-top-section elementor-element elementor-element-9b2d6fd elementor-section-boxed elementor-section-height-default elementor-section-height-default shape-bg-top-no\" data-id=\"9b2d6fd\" data-element_type=\"section\" data-settings=\"{&quot;background_background&quot;:&quot;slideshow&quot;,&quot;background_slideshow_gallery&quot;:[{&quot;id&quot;:2756,&quot;url&quot;:&quot;https:\\\/\\\/yayopgroup.com\\\/wp-content\\\/uploads\\\/2024\\\/04\\\/WhatsApp-Image-2024-04-26-at-5.12.43-AM.jpeg&quot;},{&quot;id&quot;:2757,&quot;url&quot;:&quot;https:\\\/\\\/yayopgroup.com\\\/wp-content\\\/uploads\\\/2024\\\/04\\\/WhatsApp-Image-2024-04-26-at-5.12.43-AM-Copy.jpeg&quot;}],&quot;background_slideshow_ken_burns&quot;:&quot;yes&quot;,&quot;background_slideshow_loop&quot;:&quot;yes&quot;,&quot;background_slideshow_slide_duration&quot;:5000,&quot;background_slideshow_slide_transition&quot;:&quot;fade&quot;,&quot;background_slideshow_transition_duration&quot;:500,&quot;background_slideshow_ken_burns_zoom_direction&quot;:&quot;in&quot;}\">\n\t\t\t\t\t\t<div class=\"elementor-container elementor-column-gap-default\">\n\t\t\t\t\t<div class=\"elementor-column elementor-col-100 elementor-top-column elementor-element elementor-element-9ffb2c9\" data-id=\"9ffb2c9\" data-element_type=\"column\">\n\t\t\t<div class=\"elementor-widget-wrap elementor-element-populated\">\n\t\t\t\t\t\t<div class=\"elementor-element elementor-element-9afcfd8 elementor-widget elementor-widget-spacer\" data-id=\"9afcfd8\" data-element_type=\"widget\" data-widget_type=\"spacer.default\">\n\t\t\t\t<div class=\"elementor-widget-container\">\n\t\t\t\t\t\t\t<div class=\"elementor-spacer\">\n\t\t\t<div class=\"elementor-spacer-inner\"><\/div>\n\t\t<\/div>\n\t\t\t\t\t\t<\/div>\n\t\t\t\t<\/div>\n\t\t\t\t\t<\/div>\n\t\t<\/div>\n\t\t\t\t\t<\/div>\n\t\t<\/section>\n\t\t\t\t<section class=\"elementor-section elementor-top-section elementor-element elementor-element-d667937 elementor-section-boxed elementor-section-height-default elementor-section-height-default shape-bg-top-no shape-bg-bottom-no\" data-id=\"d667937\" data-element_type=\"section\">\n\t\t\t\t\t\t<div class=\"elementor-container elementor-column-gap-default\">\n\t\t\t\t\t<div class=\"elementor-column elementor-col-100 elementor-top-column elementor-element elementor-element-023b828\" data-id=\"023b828\" data-element_type=\"column\">\n\t\t\t<div class=\"elementor-widget-wrap elementor-element-populated\">\n\t\t\t\t\t\t<div class=\"elementor-element elementor-element-f38bbbb elementor-widget elementor-widget-spacer\" data-id=\"f38bbbb\" data-element_type=\"widget\" data-widget_type=\"spacer.default\">\n\t\t\t\t<div class=\"elementor-widget-container\">\n\t\t\t\t\t\t\t<div class=\"elementor-spacer\">\n\t\t\t<div class=\"elementor-spacer-inner\"><\/div>\n\t\t<\/div>\n\t\t\t\t\t\t<\/div>\n\t\t\t\t<\/div>\n\t\t\t\t\t<\/div>\n\t\t<\/div>\n\t\t\t\t\t<\/div>\n\t\t<\/section>\n\t\t\t\t<section class=\"elementor-section elementor-top-section elementor-element elementor-element-70c3b2c elementor-section-boxed elementor-section-height-default elementor-section-height-default shape-bg-top-no shape-bg-bottom-no\" data-id=\"70c3b2c\" data-element_type=\"section\">\n\t\t\t\t\t\t<div class=\"elementor-container elementor-column-gap-default\">\n\t\t\t\t\t<div class=\"elementor-column elementor-col-100 elementor-top-column elementor-element elementor-element-c42cfe8\" data-id=\"c42cfe8\" data-element_type=\"column\">\n\t\t\t<div class=\"elementor-widget-wrap elementor-element-populated\">\n\t\t\t\t\t\t<div class=\"elementor-element elementor-element-da19dbb elementor-widget elementor-widget-text-editor\" data-id=\"da19dbb\" data-element_type=\"widget\" data-widget_type=\"text-editor.default\">\n\t\t\t\t<div class=\"elementor-widget-container\">\n\t\t\t\t\t\t\t\t\t<p class=\"normal\" style=\"margin: 12pt 0cm; text-align: justify;\"><span style=\"color: #000000;\">Chez Yayop Group, nous donnons la priorit\u00e9 aux exp\u00e9riences de cuisine saines et propres, sans avoir recours \u00e0 des allume-feu en plastique ou \u00e0 base de p\u00e9trole. Nos allume-feu \u00e9cologiques sont fabriqu\u00e9s avec des mat\u00e9riaux biod\u00e9gradables, garantissant une approche durable pour allumer vos feux de cuisine. Adoptez un mode de vie plus sain tout en r\u00e9duisant votre empreinte environnementale gr\u00e2ce \u00e0 nos allume-feu respectueux de l'environnement. Rejoignez-nous pour pr\u00e9server la nature et promouvoir des pratiques culinaires durables \u00e0 travers la RDC.<\/span><\/p>\t\t\t\t\t\t\t\t<\/div>\n\t\t\t\t<\/div>\n\t\t\t\t\t<\/div>\n\t\t<\/div>\n\t\t\t\t\t<\/div>\n\t\t<\/section>\n\t\t\t\t<section class=\"elementor-section elementor-top-section elementor-element elementor-element-82741e9 elementor-section-boxed elementor-section-height-default elementor-section-height-default shape-bg-top-no shape-bg-bottom-no\" data-id=\"82741e9\" data-element_type=\"section\">\n\t\t\t\t\t\t<div class=\"elementor-container elementor-column-gap-default\">\n\t\t\t\t\t<div class=\"elementor-column elementor-col-50 elementor-top-column elementor-element elementor-element-d645b1d\" data-id=\"d645b1d\" data-element_type=\"column\">\n\t\t\t<div class=\"elementor-widget-wrap elementor-element-populated\">\n\t\t\t\t\t\t<div class=\"elementor-element elementor-element-8f44edb elementor-widget elementor-widget-image\" data-id=\"8f44edb\" data-element_type=\"widget\" data-widget_type=\"image.default\">\n\t\t\t\t<div class=\"elementor-widget-container\">\n\t\t\t\t\t\t\t\t\t\t\t\t\t\t\t<img decoding=\"async\" width=\"262\" height=\"177\" src=\"https:\/\/yayopgroup.com\/wp-content\/uploads\/2024\/04\/yoyo-32.jpg\" class=\"attachment-full size-full wp-image-2749\" alt=\"\" \/>\t\t\t\t\t\t\t\t\t\t\t\t\t\t\t<\/div>\n\t\t\t\t<\/div>\n\t\t\t\t\t<\/div>\n\t\t<\/div>\n\t\t\t\t<div class=\"elementor-column elementor-col-50 elementor-top-column elementor-element elementor-element-e9eeab6\" data-id=\"e9eeab6\" data-element_type=\"column\">\n\t\t\t<div class=\"elementor-widget-wrap elementor-element-populated\">\n\t\t\t\t\t\t<div class=\"elementor-element elementor-element-b817bdb elementor-widget elementor-widget-text-editor\" data-id=\"b817bdb\" data-element_type=\"widget\" data-widget_type=\"text-editor.default\">\n\t\t\t\t<div class=\"elementor-widget-container\">\n\t\t\t\t\t\t\t\t\t<p class=\"normal\" style=\"margin: 12pt 0cm; text-align: justify;\"><span style=\"text-decoration: underline; color: #000000;\"><strong>Avantages des allume-feu<\/strong><\/span><br \/><span style=\"color: #000000;\">1. Environmentally Friendly: Bio firestarters are typically made from natural materials like wood shavings, wax, or plant-based materials. They do not contain harmful chemicals or toxins that can be released into the air when burned, making them a safer and more sustainable choice for the environment.<\/span><span style=\"color: #000000;\"><br \/><\/span><\/p>\t\t\t\t\t\t\t\t<\/div>\n\t\t\t\t<\/div>\n\t\t\t\t\t<\/div>\n\t\t<\/div>\n\t\t\t\t\t<\/div>\n\t\t<\/section>\n\t\t\t\t<section class=\"elementor-section elementor-top-section elementor-element elementor-element-8a836a9 elementor-section-boxed elementor-section-height-default elementor-section-height-default shape-bg-top-no shape-bg-bottom-no\" data-id=\"8a836a9\" data-element_type=\"section\">\n\t\t\t\t\t\t<div class=\"elementor-container elementor-column-gap-default\">\n\t\t\t\t\t<div class=\"elementor-column elementor-col-50 elementor-top-column elementor-element elementor-element-20e59f4\" data-id=\"20e59f4\" data-element_type=\"column\">\n\t\t\t<div class=\"elementor-widget-wrap elementor-element-populated\">\n\t\t\t\t\t\t<div class=\"elementor-element elementor-element-0b41aac elementor-widget elementor-widget-text-editor\" data-id=\"0b41aac\" data-element_type=\"widget\" data-widget_type=\"text-editor.default\">\n\t\t\t\t<div class=\"elementor-widget-container\">\n\t\t\t\t\t\t\t\t\t<p class=\"normal\" style=\"margin: 12pt 0cm; text-align: justify;\"><span style=\"color: #000000;\">2. Combustion propre\u00a0: les allume-feu biologiques produisent un minimum de fum\u00e9e et de cendres par rapport aux m\u00e9thodes d'allumage traditionnelles. Cette combustion plus propre contribue \u00e0 une meilleure qualit\u00e9 de l\u2019air et r\u00e9duit la quantit\u00e9 de r\u00e9sidus laiss\u00e9s dans votre foyer ou feu de camp.<\/span><\/p><p class=\"normal\" style=\"margin: 12pt 0cm; text-align: justify;\"><span style=\"color: #000000;\"><br \/>3. Non toxique : \u00e9tant donn\u00e9 que les allume-feu bio sont fabriqu\u00e9s \u00e0 partir d'ingr\u00e9dients naturels, ils sont non toxiques et s\u00fbrs \u00e0 manipuler. Ceci est particuli\u00e8rement important pour les activit\u00e9s de plein air o\u00f9 vous pourriez cuisiner des aliments sur une flamme nue.<\/span><\/p>\t\t\t\t\t\t\t\t<\/div>\n\t\t\t\t<\/div>\n\t\t\t\t\t<\/div>\n\t\t<\/div>\n\t\t\t\t<div class=\"elementor-column elementor-col-50 elementor-top-column elementor-element elementor-element-3ba5789\" data-id=\"3ba5789\" data-element_type=\"column\">\n\t\t\t<div class=\"elementor-widget-wrap elementor-element-populated\">\n\t\t\t\t\t\t<div class=\"elementor-element elementor-element-87b21c5 elementor-widget elementor-widget-spacer\" data-id=\"87b21c5\" data-element_type=\"widget\" data-widget_type=\"spacer.default\">\n\t\t\t\t<div class=\"elementor-widget-container\">\n\t\t\t\t\t\t\t<div class=\"elementor-spacer\">\n\t\t\t<div class=\"elementor-spacer-inner\"><\/div>\n\t\t<\/div>\n\t\t\t\t\t\t<\/div>\n\t\t\t\t<\/div>\n\t\t\t\t<div class=\"elementor-element elementor-element-68d3e89 elementor-widget elementor-widget-image\" data-id=\"68d3e89\" data-element_type=\"widget\" data-widget_type=\"image.default\">\n\t\t\t\t<div class=\"elementor-widget-container\">\n\t\t\t\t\t\t\t\t\t\t\t\t\t\t\t<img decoding=\"async\" width=\"262\" height=\"177\" src=\"https:\/\/yayopgroup.com\/wp-content\/uploads\/2024\/04\/Fire-Starters-2.jpg\" class=\"attachment-full size-full wp-image-2618\" alt=\"\" \/>\t\t\t\t\t\t\t\t\t\t\t\t\t\t\t<\/div>\n\t\t\t\t<\/div>\n\t\t\t\t\t<\/div>\n\t\t<\/div>\n\t\t\t\t\t<\/div>\n\t\t<\/section>\n\t\t\t\t<section class=\"elementor-section elementor-top-section elementor-element elementor-element-f9c2c04 elementor-section-boxed elementor-section-height-default elementor-section-height-default shape-bg-top-no shape-bg-bottom-no\" data-id=\"f9c2c04\" data-element_type=\"section\">\n\t\t\t\t\t\t<div class=\"elementor-container elementor-column-gap-default\">\n\t\t\t\t\t<div class=\"elementor-column elementor-col-100 elementor-top-column elementor-element elementor-element-077ecaa\" data-id=\"077ecaa\" data-element_type=\"column\">\n\t\t\t<div class=\"elementor-widget-wrap elementor-element-populated\">\n\t\t\t\t\t\t<div class=\"elementor-element elementor-element-d17e625 elementor-widget elementor-widget-text-editor\" data-id=\"d17e625\" data-element_type=\"widget\" data-widget_type=\"text-editor.default\">\n\t\t\t\t<div class=\"elementor-widget-container\">\n\t\t\t\t\t\t\t\t\t<p class=\"normal\" style=\"margin: 12pt 0cm; text-align: justify;\"><span style=\"color: #000000;\">5. Longue dur\u00e9e de conservation : De nombreux allume-feu bio ont une longue dur\u00e9e de conservation et peuvent \u00eatre stock\u00e9s pendant de longues p\u00e9riodes sans perdre leur efficacit\u00e9. Cela en fait un excellent ajout \u00e0 votre kit de pr\u00e9paration aux situations d\u2019urgence ou \u00e0 vos fournitures de camping.<\/span><\/p>\t\t\t\t\t\t\t\t<\/div>\n\t\t\t\t<\/div>\n\t\t\t\t\t<\/div>\n\t\t<\/div>\n\t\t\t\t\t<\/div>\n\t\t<\/section>\n\t\t\t\t<section class=\"elementor-section elementor-top-section elementor-element elementor-element-53b82c0 elementor-section-boxed elementor-section-height-default elementor-section-height-default shape-bg-top-no shape-bg-bottom-no\" data-id=\"53b82c0\" data-element_type=\"section\">\n\t\t\t\t\t\t<div class=\"elementor-container elementor-column-gap-default\">\n\t\t\t\t\t<div class=\"elementor-column elementor-col-50 elementor-top-column elementor-element elementor-element-e3253db\" data-id=\"e3253db\" data-element_type=\"column\">\n\t\t\t<div class=\"elementor-widget-wrap elementor-element-populated\">\n\t\t\t\t\t\t<div class=\"elementor-element elementor-element-ea2636b elementor-widget elementor-widget-text-editor\" data-id=\"ea2636b\" data-element_type=\"widget\" data-widget_type=\"text-editor.default\">\n\t\t\t\t<div class=\"elementor-widget-container\">\n\t\t\t\t\t\t\t\t\t<p class=\"normal\" style=\"margin: 12pt 0cm; text-align: justify;\"><span style=\"color: #000000;\">5. Longue dur\u00e9e de conservation : De nombreux allume-feu bio ont une longue dur\u00e9e de conservation et peuvent \u00eatre stock\u00e9s pendant de longues p\u00e9riodes sans perdre leur efficacit\u00e9. Cela en fait un excellent ajout \u00e0 votre kit de pr\u00e9paration aux situations d\u2019urgence ou \u00e0 vos fournitures de camping.\u00a0<\/span><\/p><p class=\"normal\" style=\"margin: 12pt 0cm; text-align: justify;\"><span style=\"color: #000000;\">6. Polyvalence : Les allume-feu bio peuvent \u00eatre utilis\u00e9s dans divers contextes et conditions m\u00e9t\u00e9orologiques. Ils sont efficaces pour allumer des incendies dans des environnements int\u00e9rieurs et ext\u00e9rieurs, m\u00eame dans des conditions humides ou venteuses o\u00f9 d'autres m\u00e9thodes d'allumage d'incendie pourraient avoir du mal.<\/span><\/p>\t\t\t\t\t\t\t\t<\/div>\n\t\t\t\t<\/div>\n\t\t\t\t\t<\/div>\n\t\t<\/div>\n\t\t\t\t<div class=\"elementor-column elementor-col-50 elementor-top-column elementor-element elementor-element-34d86c7\" data-id=\"34d86c7\" data-element_type=\"column\">\n\t\t\t<div class=\"elementor-widget-wrap elementor-element-populated\">\n\t\t\t\t\t\t<div class=\"elementor-element elementor-element-2a82261 elementor-widget elementor-widget-image\" data-id=\"2a82261\" data-element_type=\"widget\" data-widget_type=\"image.default\">\n\t\t\t\t<div class=\"elementor-widget-container\">\n\t\t\t\t\t\t\t\t\t\t\t\t\t\t\t<img decoding=\"async\" width=\"262\" height=\"177\" src=\"https:\/\/yayopgroup.com\/wp-content\/uploads\/2024\/04\/Fire-Starters-1.jpeg\" class=\"attachment-full size-full wp-image-2617\" alt=\"\" \/>\t\t\t\t\t\t\t\t\t\t\t\t\t\t\t<\/div>\n\t\t\t\t<\/div>\n\t\t\t\t\t<\/div>\n\t\t<\/div>\n\t\t\t\t\t<\/div>\n\t\t<\/section>\n\t\t\t\t<section class=\"elementor-section elementor-top-section elementor-element elementor-element-e7fd55f elementor-section-boxed elementor-section-height-default elementor-section-height-default shape-bg-top-no shape-bg-bottom-no\" data-id=\"e7fd55f\" data-element_type=\"section\">\n\t\t\t\t\t\t<div class=\"elementor-container elementor-column-gap-default\">\n\t\t\t\t\t<div class=\"elementor-column elementor-col-100 elementor-top-column elementor-element elementor-element-dd02f84\" data-id=\"dd02f84\" data-element_type=\"column\">\n\t\t\t<div class=\"elementor-widget-wrap elementor-element-populated\">\n\t\t\t\t\t\t<div class=\"elementor-element elementor-element-07d903b elementor-widget elementor-widget-spacer\" data-id=\"07d903b\" data-element_type=\"widget\" data-widget_type=\"spacer.default\">\n\t\t\t\t<div class=\"elementor-widget-container\">\n\t\t\t\t\t\t\t<div class=\"elementor-spacer\">\n\t\t\t<div class=\"elementor-spacer-inner\"><\/div>\n\t\t<\/div>\n\t\t\t\t\t\t<\/div>\n\t\t\t\t<\/div>\n\t\t\t\t\t<\/div>\n\t\t<\/div>\n\t\t\t\t\t<\/div>\n\t\t<\/section>\n\t\t\t\t<\/div>","protected":false},"excerpt":{"rendered":"<p>At Yayop Group, we prioritize healthy and clean cooking experiences without the need for plastic or petroleum-based fire starters. Our ecological fire starters are crafted with biodegradable materials, ensuring a [&hellip;]<\/p>","protected":false},"author":1,"featured_media":0,"parent":0,"menu_order":0,"comment_status":"closed","ping_status":"closed","template":"","meta":{"footnotes":""},"class_list":["post-2600","page","type-page","status-publish","hentry"],"_links":{"self":[{"href":"https:\/\/yayopgroup.com\/fr\/wp-json\/wp\/v2\/pages\/2600","targetHints":{"allow":["GET"]}}],"collection":[{"href":"https:\/\/yayopgroup.com\/fr\/wp-json\/wp\/v2\/pages"}],"about":[{"href":"https:\/\/yayopgroup.com\/fr\/wp-json\/wp\/v2\/types\/page"}],"author":[{"embeddable":true,"href":"https:\/\/yayopgroup.com\/fr\/wp-json\/wp\/v2\/users\/1"}],"replies":[{"embeddable":true,"href":"https:\/\/yayopgroup.com\/fr\/wp-json\/wp\/v2\/comments?post=2600"}],"version-history":[{"count":50,"href":"https:\/\/yayopgroup.com\/fr\/wp-json\/wp\/v2\/pages\/2600\/revisions"}],"predecessor-version":[{"id":3197,"href":"https:\/\/yayopgroup.com\/fr\/wp-json\/wp\/v2\/pages\/2600\/revisions\/3197"}],"wp:attachment":[{"href":"https:\/\/yayopgroup.com\/fr\/wp-json\/wp\/v2\/media?parent=2600"}],"curies":[{"name":"wp","href":"https:\/\/api.w.org\/{rel}","templated":true}]}}