 {"id":2217,"date":"2024-03-06T11:28:29","date_gmt":"2024-03-06T11:28:29","guid":{"rendered":"https:\/\/yayopgroup.com\/?page_id=2217"},"modified":"2024-05-11T07:09:47","modified_gmt":"2024-05-11T07:09:47","slug":"collaborate","status":"publish","type":"page","link":"https:\/\/yayopgroup.com\/fr\/collaborate\/","title":{"rendered":"Collaborer"},"content":{"rendered":"<div data-elementor-type=\"wp-page\" data-elementor-id=\"2217\" class=\"elementor elementor-2217\">\n\t\t\t\t\t\t<section class=\"elementor-section elementor-top-section elementor-element elementor-element-9b2d6fd elementor-section-boxed elementor-section-height-default elementor-section-height-default shape-bg-top-no\" data-id=\"9b2d6fd\" data-element_type=\"section\" data-settings=\"{&quot;background_background&quot;:&quot;slideshow&quot;,&quot;background_slideshow_gallery&quot;:[{&quot;id&quot;:2224,&quot;url&quot;:&quot;https:\\\/\\\/yayopgroup.com\\\/wp-content\\\/uploads\\\/2024\\\/03\\\/AdobeStock_646758996.jpg&quot;},{&quot;id&quot;:2229,&quot;url&quot;:&quot;https:\\\/\\\/yayopgroup.com\\\/wp-content\\\/uploads\\\/2024\\\/03\\\/collaboration.jpg&quot;}],&quot;background_slideshow_ken_burns&quot;:&quot;yes&quot;,&quot;background_slideshow_loop&quot;:&quot;yes&quot;,&quot;background_slideshow_slide_duration&quot;:5000,&quot;background_slideshow_slide_transition&quot;:&quot;fade&quot;,&quot;background_slideshow_transition_duration&quot;:500,&quot;background_slideshow_ken_burns_zoom_direction&quot;:&quot;in&quot;}\">\n\t\t\t\t\t\t<div class=\"elementor-container elementor-column-gap-default\">\n\t\t\t\t\t<div class=\"elementor-column elementor-col-100 elementor-top-column elementor-element elementor-element-9ffb2c9\" data-id=\"9ffb2c9\" data-element_type=\"column\">\n\t\t\t<div class=\"elementor-widget-wrap elementor-element-populated\">\n\t\t\t\t\t\t<div class=\"elementor-element elementor-element-6ddafc8 elementor-widget elementor-widget-spacer\" data-id=\"6ddafc8\" data-element_type=\"widget\" data-widget_type=\"spacer.default\">\n\t\t\t\t<div class=\"elementor-widget-container\">\n\t\t\t\t\t\t\t<div class=\"elementor-spacer\">\n\t\t\t<div class=\"elementor-spacer-inner\"><\/div>\n\t\t<\/div>\n\t\t\t\t\t\t<\/div>\n\t\t\t\t<\/div>\n\t\t\t\t\t<\/div>\n\t\t<\/div>\n\t\t\t\t\t<\/div>\n\t\t<\/section>\n\t\t\t\t<section class=\"elementor-section elementor-top-section elementor-element elementor-element-d667937 elementor-section-boxed elementor-section-height-default elementor-section-height-default shape-bg-top-no shape-bg-bottom-no\" data-id=\"d667937\" data-element_type=\"section\">\n\t\t\t\t\t\t<div class=\"elementor-container elementor-column-gap-default\">\n\t\t\t\t\t<div class=\"elementor-column elementor-col-100 elementor-top-column elementor-element elementor-element-023b828\" data-id=\"023b828\" data-element_type=\"column\">\n\t\t\t<div class=\"elementor-widget-wrap elementor-element-populated\">\n\t\t\t\t\t\t<div class=\"elementor-element elementor-element-f38bbbb elementor-widget elementor-widget-spacer\" data-id=\"f38bbbb\" data-element_type=\"widget\" data-widget_type=\"spacer.default\">\n\t\t\t\t<div class=\"elementor-widget-container\">\n\t\t\t\t\t\t\t<div class=\"elementor-spacer\">\n\t\t\t<div class=\"elementor-spacer-inner\"><\/div>\n\t\t<\/div>\n\t\t\t\t\t\t<\/div>\n\t\t\t\t<\/div>\n\t\t\t\t<div class=\"elementor-element elementor-element-1d0e402 elementor-widget elementor-widget-gva-heading-block\" data-id=\"1d0e402\" data-element_type=\"widget\" data-widget_type=\"gva-heading-block.default\">\n\t\t\t\t<div class=\"elementor-widget-container\">\n\t\t\t\t\t<div class=\"gva-element-gva-heading-block gva-element\">   <div class=\"align-left style-1 widget gsc-heading box-align-left auto-responsive\">\r\n      <div class=\"content-inner\">\r\n         \r\n                  \r\n         <div class=\"sub-title\"><span class=\"heading-icon\"><img decoding=\"async\" src=\"https:\/\/yayopgroup.com\/wp-content\/plugins\/orgarium-themer\/elementor\/assets\/images\/icon-heading.png\" alt=\"\" \/><\/span><span class=\"tagline\">Collaborer<\/span><\/div>  \r\n         \r\n                  \r\n         \r\n      <\/div>\r\n   <\/div>\r\n<\/div>\t\t\t\t<\/div>\n\t\t\t\t<\/div>\n\t\t\t\t<div class=\"elementor-element elementor-element-35fb80f elementor-widget elementor-widget-text-editor\" data-id=\"35fb80f\" data-element_type=\"widget\" data-widget_type=\"text-editor.default\">\n\t\t\t\t<div class=\"elementor-widget-container\">\n\t\t\t\t\t\t\t\t\t<p style=\"text-align: justify;\"><span style=\"color: #000000;\">Nous recherchons des partenariats avec des organisations du monde entier qui partagent notre engagement \u00e0 \u00e9largir l'acc\u00e8s \u00e0 une \u00e9nergie propre, fiable, renouvelable et abordable en R\u00e9publique d\u00e9mocratique du Congo (RDC). Si vous souhaitez travailler, collaborer ou \u00e9tablir un partenariat avec YayopGroup, veuillez nous contacter par e-mail.<\/span><\/p>\t\t\t\t\t\t\t\t<\/div>\n\t\t\t\t<\/div>\n\t\t\t\t\t<\/div>\n\t\t<\/div>\n\t\t\t\t\t<\/div>\n\t\t<\/section>\n\t\t\t\t<section class=\"elementor-section elementor-top-section elementor-element elementor-element-697c040 elementor-section-boxed elementor-section-height-default elementor-section-height-default shape-bg-top-no shape-bg-bottom-no\" data-id=\"697c040\" data-element_type=\"section\">\n\t\t\t\t\t\t<div class=\"elementor-container elementor-column-gap-default\">\n\t\t\t\t\t<div class=\"elementor-column elementor-col-100 elementor-top-column elementor-element elementor-element-d9d318c\" data-id=\"d9d318c\" data-element_type=\"column\">\n\t\t\t<div class=\"elementor-widget-wrap elementor-element-populated\">\n\t\t\t\t\t\t<div class=\"elementor-element elementor-element-f0d9763 elementor-widget elementor-widget-text-editor\" data-id=\"f0d9763\" data-element_type=\"widget\" data-widget_type=\"text-editor.default\">\n\t\t\t\t<div class=\"elementor-widget-container\">\n\t\t\t\t\t\t\t\t\t<p><div class=\"frm_forms  with_frm_style frm_style_formidable-style\" id=\"frm_form_2_container\" data-token=\"225457a5a7a65fd08b4d4b4806546a8d\">\n<form enctype=\"multipart\/form-data\" method=\"post\" class=\"frm-show-form  frm_pro_form\" id=\"form_collaboration\" data-token=\"225457a5a7a65fd08b4d4b4806546a8d\" action=\"\">\n<div class=\"frm_form_fields\">\n<fieldset>\n<legend class=\"frm_hidden\">Collaboration<\/legend>\r\n\r\n<div class=\"frm_fields_container\">\n<input type=\"hidden\" name=\"frm_action\" value=\"create\" \/>\n<input type=\"hidden\" name=\"form_id\" value=\"2\" \/>\n<input type=\"hidden\" name=\"frm_hide_fields_2\" id=\"frm_hide_fields_2\" value=\"\" \/>\n<input type=\"hidden\" name=\"form_key\" value=\"collaboration\" \/>\n<input type=\"hidden\" name=\"item_meta[0]\" value=\"\" \/>\n<input type=\"hidden\" id=\"frm_submit_entry_2\" name=\"frm_submit_entry_2\" value=\"96f1db7fd4\" \/><input type=\"hidden\" name=\"_wp_http_referer\" value=\"\/fr\/wp-json\/wp\/v2\/pages\/2217\" \/><div id=\"frm_field_6_container\" class=\"frm_form_field form-field  frm_required_field frm_top_container frm_first frm_half frm_capitalize\">\r\n    <label for=\"field_o69jd\" class=\"frm_primary_label\">Nom\r\n        <span class=\"frm_required\">*<\/span>\r\n    <\/label>\r\n    <input type=\"text\" id=\"field_o69jd\" name=\"item_meta[6]\" value=\"\"  data-reqmsg=\"Name cannot be blank.\" aria-required=\"true\" data-invmsg=\"Name is invalid\" aria-invalid=\"false\"   aria-describedby=\"frm_desc_field_o69jd\"\/>\r\n    <div id=\"frm_desc_field_o69jd\" class=\"frm_description\">D'abord<\/div>\r\n    \r\n<\/div>\n<div id=\"frm_field_7_container\" class=\"frm_form_field form-field  frm_required_field frm_hidden_container frm_half frm_capitalize\">\r\n    <label for=\"field_l3dkc\" class=\"frm_primary_label\">Last Name\r\n        <span class=\"frm_required\">*<\/span>\r\n    <\/label>\r\n    <input type=\"text\" id=\"field_l3dkc\" name=\"item_meta[7]\" value=\"\"  data-reqmsg=\"Last Name cannot be blank.\" aria-required=\"true\" data-invmsg=\"Last Name is invalid\" aria-invalid=\"false\"   aria-describedby=\"frm_desc_field_l3dkc\"\/>\r\n    <div id=\"frm_desc_field_l3dkc\" class=\"frm_description\">Dernier<\/div>\r\n    \r\n<\/div>\n<div id=\"frm_field_8_container\" class=\"frm_form_field form-field  frm_required_field frm_top_container frm_first frm_full\">\r\n    <label for=\"field_xyrs9\" class=\"frm_primary_label\">Nom d'utilisateur\r\n        <span class=\"frm_required\">*<\/span>\r\n    <\/label>\r\n    <input type=\"text\" id=\"field_xyrs9\" name=\"item_meta[8]\" value=\"\"  maxlength=\"24\" data-reqmsg=\"Username cannot be blank.\" aria-required=\"true\" data-invmsg=\"Username is invalid\" aria-invalid=\"false\" pattern=\"([a-zA-Z0-9]{8,24})$\"   aria-describedby=\"frm_desc_field_xyrs9\"\/>\r\n    <div id=\"frm_desc_field_xyrs9\" class=\"frm_description\">Seules les lettres minuscules (a-z) et les chiffres (0-9) sont autoris\u00e9s.<\/div>\r\n    \r\n<\/div>\n<div id=\"frm_field_9_container\" class=\"frm_form_field form-field  frm_required_field frm_top_container frm6 frm_first\">\r\n    <label for=\"field_qulq1\" class=\"frm_primary_label\">Adresse e-mail\r\n        <span class=\"frm_required\">*<\/span>\r\n    <\/label>\r\n    <input type=\"email\" id=\"field_qulq1\" name=\"item_meta[9]\" value=\"\"  data-reqmsg=\"Email Address cannot be blank.\" aria-required=\"true\" data-invmsg=\"Email Address is invalid\" aria-invalid=\"false\"   aria-describedby=\"frm_desc_field_qulq1\"\/>\r\n    <div id=\"frm_desc_field_qulq1\" class=\"frm_description\">Entrez l'e-mail<\/div>\r\n    \r\n<\/div>\n<div id=\"frm_field_conf_9_container\" class=\"frm_form_field frm_hidden_container frm_conf_field form-field  frm_required_field frm_top_container frm6\">\r\n    <label for=\"field_conf_qulq1\" class=\"frm_conf_label frm_primary_label\">Confirm Email Address\r\n        <span class=\"frm_required\">*<\/span>\r\n    <\/label>\r\n    <input type=\"email\" id=\"field_conf_qulq1\" name=\"item_meta[conf_9]\" value=\"\"  data-reqmsg=\"Confirm Email Address cannot be blank.\" aria-required=\"true\" data-confmsg=\"The entered values do not match\" data-invmsg=\"Email Address is invalid\" aria-invalid=\"false\"   aria-describedby=\"frm_desc_field_conf_qulq1\"\/>\r\n    <div id=\"frm_desc_field_conf_qulq1\" class=\"frm_description\">Confirmez votre email<\/div>\r\n    \r\n<\/div>\n<div id=\"frm_field_24_container\" class=\"frm_form_field form-field  frm_top_container frm6\">\r\n    <label for=\"field_a6zn1\" id=\"field_a6zn1_label\" class=\"frm_primary_label\">T\u00e9l\u00e9phone\r\n        <span class=\"frm_required\" aria-hidden=\"true\"><\/span>\r\n    <\/label>\r\n    <input type=\"tel\" id=\"field_a6zn1\" name=\"item_meta[24]\" value=\"\"  data-invmsg=\"Phone is invalid\" aria-invalid=\"false\" pattern=\"((\\+\\d{1,3}(-|.| )?\\(?\\d\\)?(-| |.)?\\d{1,5})|(\\(?\\d{2,6}\\)?))(-|.| )?(\\d{3,4})(-|.| )?(\\d{4})(( x| ext)\\d{1,5}){0,1}$\"  \/>\r\n    \r\n    \r\n<\/div>\n<div id=\"frm_field_12_container\" class=\"frm_form_field form-field  frm_top_container frm6 frm_first\">\r\n    <label for=\"field_iwzjs\" class=\"frm_primary_label\">Site web\r\n        <span class=\"frm_required\"><\/span>\r\n    <\/label>\r\n    <input type=\"url\" id=\"field_iwzjs\" name=\"item_meta[12]\" value=\"\"  data-invmsg=\"Website is invalid\" aria-invalid=\"false\"   aria-describedby=\"frm_desc_field_iwzjs\"\/>\r\n    <div id=\"frm_desc_field_iwzjs\" class=\"frm_description\">Ce site Web sera affich\u00e9 dans les informations de votre profil.<\/div>\r\n    \r\n<\/div>\n<div id=\"frm_field_10_container\" class=\"frm_form_field form-field  frm_required_field frm_top_container frm6\">\r\n    <label for=\"field_1abwj\" class=\"frm_primary_label\">Mot de passe\r\n        <span class=\"frm_required\">*<\/span>\r\n    <\/label>\r\n    <input type=\"password\" id=\"field_1abwj\" name=\"item_meta[10]\" value=\"\"  data-reqmsg=\"Password cannot be blank.\" aria-required=\"true\" data-invmsg=\"Password is invalid\" aria-invalid=\"false\"   aria-describedby=\"frm_desc_field_1abwj\"\/>\r\n    <div id=\"frm_desc_field_1abwj\" class=\"frm_description\">Entrer le mot de passe<\/div>\r\n    \r\n<\/div>\n<div id=\"frm_field_conf_10_container\" class=\"frm_form_field frm_hidden_container frm_conf_field form-field  frm_required_field frm_top_container frm6\">\r\n    <label for=\"field_conf_1abwj\" class=\"frm_conf_label frm_primary_label\">Confirmez le mot de passe\r\n        <span class=\"frm_required\">*<\/span>\r\n    <\/label>\r\n    <input type=\"password\" id=\"field_conf_1abwj\" name=\"item_meta[conf_10]\" value=\"\"  data-reqmsg=\"Confirm Password cannot be blank.\" aria-required=\"true\" data-confmsg=\"The entered values do not match\" data-invmsg=\"Confirm Password is invalid\" aria-invalid=\"false\"   aria-describedby=\"frm_desc_field_conf_1abwj\"\/>\r\n    <div id=\"frm_desc_field_conf_1abwj\" class=\"frm_description\">Confirmez le mot de passe<\/div>\r\n    \r\n<\/div>\n<input type=\"hidden\" name=\"item_meta[14]\" id=\"field_zah2u\" value=\"\" data-frmval=\"\"\/>\n\t<input type=\"hidden\" name=\"item_key\" value=\"\" \/>\n\t\t\t<div id=\"frm_field_38_container\">\n\t\t\t<label for=\"field_zh42t\" >\n\t\t\t\tIf you are human, leave this field blank.\t\t\t<\/label>\n\t\t\t<input  id=\"field_zh42t\" type=\"text\" class=\"frm_form_field form-field frm_verify\" name=\"item_meta[38]\" value=\"\"  \/>\n\t\t<\/div>\n\t\t<input name=\"frm_state\" type=\"hidden\" value=\"5gcw+Z3YEWJ6V9KtBXlQ6fTyUeWuj6UjmE3n1nA0uSU=\" \/><div class=\"frm_submit\">\r\n\r\n<button class=\"frm_button_submit frm_final_submit\" type=\"submit\"  >Soumettre<\/button>\r\n\r\n<\/div><\/div>\n<\/fieldset>\n<\/div>\n\n<input type=\"hidden\" name=\"trp-form-language\" value=\"fr\"\/><\/form>\n<\/div>\n<\/p>\t\t\t\t\t\t\t\t<\/div>\n\t\t\t\t<\/div>\n\t\t\t\t\t<\/div>\n\t\t<\/div>\n\t\t\t\t\t<\/div>\n\t\t<\/section>\n\t\t\t\t<\/div>","protected":false},"excerpt":{"rendered":"<p>Collaborate We are seeking partnerships with organizations worldwide that share our commitment to expanding access to clean, reliable, renewable, and affordable energy in the Democratic Republic of the Congo (DRC). [&hellip;]<\/p>","protected":false},"author":1,"featured_media":0,"parent":0,"menu_order":0,"comment_status":"closed","ping_status":"closed","template":"","meta":{"footnotes":""},"class_list":["post-2217","page","type-page","status-publish","hentry"],"_links":{"self":[{"href":"https:\/\/yayopgroup.com\/fr\/wp-json\/wp\/v2\/pages\/2217","targetHints":{"allow":["GET"]}}],"collection":[{"href":"https:\/\/yayopgroup.com\/fr\/wp-json\/wp\/v2\/pages"}],"about":[{"href":"https:\/\/yayopgroup.com\/fr\/wp-json\/wp\/v2\/types\/page"}],"author":[{"embeddable":true,"href":"https:\/\/yayopgroup.com\/fr\/wp-json\/wp\/v2\/users\/1"}],"replies":[{"embeddable":true,"href":"https:\/\/yayopgroup.com\/fr\/wp-json\/wp\/v2\/comments?post=2217"}],"version-history":[{"count":28,"href":"https:\/\/yayopgroup.com\/fr\/wp-json\/wp\/v2\/pages\/2217\/revisions"}],"predecessor-version":[{"id":3167,"href":"https:\/\/yayopgroup.com\/fr\/wp-json\/wp\/v2\/pages\/2217\/revisions\/3167"}],"wp:attachment":[{"href":"https:\/\/yayopgroup.com\/fr\/wp-json\/wp\/v2\/media?parent=2217"}],"curies":[{"name":"wp","href":"https:\/\/api.w.org\/{rel}","templated":true}]}}