 {"id":21,"date":"2020-12-08T03:53:12","date_gmt":"2020-12-08T03:53:12","guid":{"rendered":"https:\/\/gaviaspreview.com\/wp\/orgarium\/?page_id=21"},"modified":"2025-05-04T16:02:50","modified_gmt":"2025-05-04T16:02:50","slug":"about","status":"publish","type":"page","link":"https:\/\/yayopgroup.com\/fr\/about\/","title":{"rendered":"\u00c0 propos"},"content":{"rendered":"<div data-elementor-type=\"wp-page\" data-elementor-id=\"21\" class=\"elementor elementor-21\">\n\t\t\t\t\t\t<section class=\"elementor-section elementor-top-section elementor-element elementor-element-a2abf68 elementor-section-boxed elementor-section-height-default elementor-section-height-default shape-bg-top-no\" data-id=\"a2abf68\" data-element_type=\"section\" data-settings=\"{&quot;background_background&quot;:&quot;slideshow&quot;,&quot;background_slideshow_gallery&quot;:[{&quot;id&quot;:3065,&quot;url&quot;:&quot;https:\\\/\\\/yayopgroup.com\\\/wp-content\\\/uploads\\\/2024\\\/05\\\/agile-business-team.jpg_s1024x1024wisk20cnN8EYD_eg6ZdGFSUHQLefDvIWQjik0aHzjARWqQc9k4-Copy.jpg&quot;},{&quot;id&quot;:3066,&quot;url&quot;:&quot;https:\\\/\\\/yayopgroup.com\\\/wp-content\\\/uploads\\\/2024\\\/05\\\/agile-business-team.jpg_s1024x1024wisk20cnN8EYD_eg6ZdGFSUHQLefDvIWQjik0aHzjARWqQc9k4.jpg&quot;}],&quot;background_slideshow_ken_burns&quot;:&quot;yes&quot;,&quot;background_slideshow_loop&quot;:&quot;yes&quot;,&quot;background_slideshow_slide_duration&quot;:5000,&quot;background_slideshow_slide_transition&quot;:&quot;fade&quot;,&quot;background_slideshow_transition_duration&quot;:500,&quot;background_slideshow_ken_burns_zoom_direction&quot;:&quot;in&quot;}\">\n\t\t\t\t\t\t<div class=\"elementor-container elementor-column-gap-default\">\n\t\t\t\t\t<div class=\"elementor-column elementor-col-100 elementor-top-column elementor-element elementor-element-7260d10\" data-id=\"7260d10\" data-element_type=\"column\">\n\t\t\t<div class=\"elementor-widget-wrap elementor-element-populated\">\n\t\t\t\t\t\t<div class=\"elementor-element elementor-element-7eac621 elementor-widget elementor-widget-spacer\" data-id=\"7eac621\" data-element_type=\"widget\" data-widget_type=\"spacer.default\">\n\t\t\t\t<div class=\"elementor-widget-container\">\n\t\t\t\t\t\t\t<div class=\"elementor-spacer\">\n\t\t\t<div class=\"elementor-spacer-inner\"><\/div>\n\t\t<\/div>\n\t\t\t\t\t\t<\/div>\n\t\t\t\t<\/div>\n\t\t\t\t\t<\/div>\n\t\t<\/div>\n\t\t\t\t\t<\/div>\n\t\t<\/section>\n\t\t<div class=\"elementor-element elementor-element-b354348 e-flex e-con-boxed e-con e-parent\" data-id=\"b354348\" data-element_type=\"container\">\n\t\t\t\t\t<div class=\"e-con-inner\">\n\t\t\t\t<div class=\"elementor-element elementor-element-a6ddabb elementor-widget elementor-widget-spacer\" data-id=\"a6ddabb\" data-element_type=\"widget\" data-widget_type=\"spacer.default\">\n\t\t\t\t<div class=\"elementor-widget-container\">\n\t\t\t\t\t\t\t<div class=\"elementor-spacer\">\n\t\t\t<div class=\"elementor-spacer-inner\"><\/div>\n\t\t<\/div>\n\t\t\t\t\t\t<\/div>\n\t\t\t\t<\/div>\n\t\t\t\t<div class=\"elementor-element elementor-element-07799ef elementor-widget elementor-widget-text-editor\" data-id=\"07799ef\" data-element_type=\"widget\" data-widget_type=\"text-editor.default\">\n\t\t\t\t<div class=\"elementor-widget-container\">\n\t\t\t\t\t\t\t\t\t<p style=\"text-align: justify;\"><span style=\"color: #000000;\">Nous nous sp\u00e9cialisons dans la fourniture de solutions \u00e9nerg\u00e9tiques s\u00fbres, propres, fiables et abordables. Nos offres permettent non seulement aux clients d'\u00e9conomiser de l'argent, mais contribuent \u00e9galement \u00e0 l'am\u00e9lioration de la sant\u00e9, de l'\u00e9ducation et de l'environnement. Explorez nos produits et services pour d\u00e9couvrir comment nous pouvons vous doter de solutions \u00e9nerg\u00e9tiques durables qui ont un impact positif sur votre vie et sur le monde qui nous entoure.<\/span><\/p>\t\t\t\t\t\t\t\t<\/div>\n\t\t\t\t<\/div>\n\t\t\t\t\t<\/div>\n\t\t\t\t<\/div>\n\t\t\t\t<section class=\"elementor-section elementor-top-section elementor-element elementor-element-50f6f79 elementor-section-boxed elementor-section-height-default elementor-section-height-default shape-bg-top-no shape-bg-bottom-no\" data-id=\"50f6f79\" data-element_type=\"section\">\n\t\t\t\t\t\t<div class=\"elementor-container elementor-column-gap-default\">\n\t\t\t\t\t<div class=\"elementor-column elementor-col-100 elementor-top-column elementor-element elementor-element-e42f707\" data-id=\"e42f707\" data-element_type=\"column\">\n\t\t\t<div class=\"elementor-widget-wrap elementor-element-populated\">\n\t\t\t\t\t\t<div class=\"elementor-element elementor-element-ce9e2df elementor-widget elementor-widget-accordion\" data-id=\"ce9e2df\" data-element_type=\"widget\" data-widget_type=\"accordion.default\">\n\t\t\t\t<div class=\"elementor-widget-container\">\n\t\t\t\t\t\t\t<div class=\"elementor-accordion\">\n\t\t\t\t\t\t\t<div class=\"elementor-accordion-item\">\n\t\t\t\t\t<div id=\"elementor-tab-title-2161\" class=\"elementor-tab-title\" data-tab=\"1\" role=\"button\" aria-controls=\"elementor-tab-content-2161\" aria-expanded=\"false\">\n\t\t\t\t\t\t\t\t\t\t\t\t\t<span class=\"elementor-accordion-icon elementor-accordion-icon-left\" aria-hidden=\"true\">\n\t\t\t\t\t\t\t\t\t\t\t\t\t\t\t<span class=\"elementor-accordion-icon-closed\"><i class=\"fas fa-plus\"><\/i><\/span>\n\t\t\t\t\t\t\t\t<span class=\"elementor-accordion-icon-opened\"><i class=\"fas fa-minus\"><\/i><\/span>\n\t\t\t\t\t\t\t\t\t\t\t\t\t\t<\/span>\n\t\t\t\t\t\t\t\t\t\t\t\t<a class=\"elementor-accordion-title\" tabindex=\"0\">Notre mission <\/a>\n\t\t\t\t\t<\/div>\n\t\t\t\t\t<div id=\"elementor-tab-content-2161\" class=\"elementor-tab-content elementor-clearfix\" data-tab=\"1\" role=\"region\" aria-labelledby=\"elementor-tab-title-2161\"><p style=\"text-align: justify;\">Notre mission est de renforcer les communaut\u00e9s en cr\u00e9ant des solutions \u00e9nerg\u00e9tiques durables qui am\u00e9liorent le bien-\u00eatre, stimulent les \u00e9conomies locales et contribuent \u00e0 la protection des \u00e9cosyst\u00e8mes essentiels. Gr\u00e2ce \u00e0 l'innovation et \u00e0 la collaboration, nous visons \u00e0 provoquer un changement environnemental et social impactant \u00e0 travers la RDC.<\/p><\/div>\n\t\t\t\t<\/div>\n\t\t\t\t\t\t\t<div class=\"elementor-accordion-item\">\n\t\t\t\t\t<div id=\"elementor-tab-title-2162\" class=\"elementor-tab-title\" data-tab=\"2\" role=\"button\" aria-controls=\"elementor-tab-content-2162\" aria-expanded=\"false\">\n\t\t\t\t\t\t\t\t\t\t\t\t\t<span class=\"elementor-accordion-icon elementor-accordion-icon-left\" aria-hidden=\"true\">\n\t\t\t\t\t\t\t\t\t\t\t\t\t\t\t<span class=\"elementor-accordion-icon-closed\"><i class=\"fas fa-plus\"><\/i><\/span>\n\t\t\t\t\t\t\t\t<span class=\"elementor-accordion-icon-opened\"><i class=\"fas fa-minus\"><\/i><\/span>\n\t\t\t\t\t\t\t\t\t\t\t\t\t\t<\/span>\n\t\t\t\t\t\t\t\t\t\t\t\t<a class=\"elementor-accordion-title\" tabindex=\"0\">Notre vision <\/a>\n\t\t\t\t\t<\/div>\n\t\t\t\t\t<div id=\"elementor-tab-content-2162\" class=\"elementor-tab-content elementor-clearfix\" data-tab=\"2\" role=\"region\" aria-labelledby=\"elementor-tab-title-2162\"><p style=\"text-align: justify;\">Notre vision est de fournir un acc\u00e8s \u00e0 une \u00e9nergie propre, fiable et abordable pour la population, ainsi que pour les communaut\u00e9s hors r\u00e9seau et mal desservies, tout en pr\u00e9servant et en prot\u00e9geant les \u00e9cosyst\u00e8mes forestiers.<\/p><\/div>\n\t\t\t\t<\/div>\n\t\t\t\t\t\t\t\t<\/div>\n\t\t\t\t\t\t<\/div>\n\t\t\t\t<\/div>\n\t\t\t\t\t<\/div>\n\t\t<\/div>\n\t\t\t\t\t<\/div>\n\t\t<\/section>\n\t\t\t\t<section class=\"elementor-section elementor-top-section elementor-element elementor-element-17928ee elementor-section-boxed elementor-section-height-default elementor-section-height-default shape-bg-top-no shape-bg-bottom-no\" data-id=\"17928ee\" data-element_type=\"section\">\n\t\t\t\t\t\t<div class=\"elementor-container elementor-column-gap-default\">\n\t\t\t\t\t<div class=\"elementor-column elementor-col-50 elementor-top-column elementor-element elementor-element-4e6a408\" data-id=\"4e6a408\" data-element_type=\"column\">\n\t\t\t<div class=\"elementor-widget-wrap elementor-element-populated\">\n\t\t\t\t\t\t<div class=\"elementor-element elementor-element-efb40f4 elementor-widget elementor-widget-text-editor\" data-id=\"efb40f4\" data-element_type=\"widget\" data-widget_type=\"text-editor.default\">\n\t\t\t\t<div class=\"elementor-widget-container\">\n\t\t\t\t\t\t\t\t\t<p style=\"text-align: justify;\"><span style=\"color: #000000;\">Madame Magalie est une leader passionn\u00e9e et visionnaire, engag\u00e9e dans le d\u00e9veloppement durable de la R\u00e9publique D\u00e9mocratique du Congo. Forte d\u2019un parcours riche en \u00e9tudes environnementales, travail social, ressources humaines et conseil en immigration, elle apporte une vaste exp\u00e9rience dans l\u2019autonomisation des communaut\u00e9s, la cr\u00e9ation d\u2019emplois et la promotion des droits des femmes.<\/span><\/p><p style=\"text-align: justify;\"><span style=\"color: #000000;\">Sa fondationestax\u00e9e sur la promotion de l\u2019\u00e9ducation, l\u2019aidehumanitaire, l\u2019agriculture et les initiatives durables qui favorisentunecroissance\u00e9conomique inclusive.<\/span><\/p><p style=\"text-align: justify;\"><span style=\"color: #000000;\">Inspir\u00e9e par son plus grand mod\u00e8le, Aliko Dangote, Magalie croit fermement en la construction d\u2019entreprises solides \u00e0 partir de la base pour g\u00e9n\u00e9rer un impact durable. Comme l\u2019a dit Dangote : \u00ab Pour apporter la prosp\u00e9rit\u00e9 \u00e0 une nation, nous devons investir dans les industries qui stimulent la croissance et cr\u00e9ent des emplois \u00e0 tous les niveaux. \u00bb Anim\u00e9e par cette vision, Magalie \u0153uvre activement pour am\u00e9liorer la sant\u00e9, \u00e9largir l\u2019acc\u00e8s \u00e0 l\u2019\u00e9ducation et multiplier les opportunit\u00e9s \u00e9conomiques, afin de b\u00e2tir un avenir plus fort et plus r\u00e9silient pour la RDC.<\/span><\/p>\t\t\t\t\t\t\t\t<\/div>\n\t\t\t\t<\/div>\n\t\t\t\t\t<\/div>\n\t\t<\/div>\n\t\t\t\t<div class=\"elementor-column elementor-col-50 elementor-top-column elementor-element elementor-element-d401fb4\" data-id=\"d401fb4\" data-element_type=\"column\">\n\t\t\t<div class=\"elementor-widget-wrap elementor-element-populated\">\n\t\t\t\t\t\t<div class=\"elementor-element elementor-element-7a3bfe5 elementor-widget elementor-widget-gva-team\" data-id=\"7a3bfe5\" data-element_type=\"widget\" data-widget_type=\"gva-team.default\">\n\t\t\t\t<div class=\"elementor-widget-container\">\n\t\t\t\t\t<div class=\"gva-element-gva-team gva-element\">\r\n<div class=\"gsc-team layout-grid\">\r\n   <div class=\"lg-block-grid-1 md-block-grid-3 sm-block-grid-2 xs-block-grid-1 xx-block-grid-1\">\r\n               <div class=\"item-columns\">\r\n            \r\n   <div class=\"gsc-team-item\">\r\n   \t   \t\t<div class=\"team-image\">\r\n            <img fetchpriority=\"high\" decoding=\"async\" width=\"270\" height=\"292\" src=\"https:\/\/yayopgroup.com\/wp-content\/uploads\/2024\/03\/ava-1.jpg\" alt=\"\" \/>  \r\n   \t\t<\/div>\r\n   \t\t\r\n      <div class=\"team-content\">\r\n   \t\t<div class=\"content-inner\">\r\n                  \t\t\t<h3 class=\"team-name\">\r\n                  Madame Magalie   \r\n               <\/h3>\r\n      \t\t      \t\t      \t\t\t<div class=\"team-job\">PDG\/FONDATRICE<\/div>\r\n      \t\t         <\/div>   \r\n         <div class=\"socials-team\">\r\n            \t\t  <a href=\"https:\/\/www.facebook.com\/people\/YayopGroup\/61557417686087\/\">\r\n\t\t\t <i class=\"fa fa-facebook\"><\/i>\t\t  <\/a>\r\n\t\t              \t\t  <a href=\"#\">\r\n\t\t\t <i class=\"fa fa-twitter\"><\/i>\t\t  <\/a>\r\n\t\t              \t\t  <a href=\"#\">\r\n\t\t\t <i class=\"fa fa-instagram\"><\/i>\t\t  <\/a>\r\n\t\t              \t\t  <a href=\"#\">\r\n\t\t\t <i class=\"fa fa-pinterest\"><\/i>\t\t  <\/a>\r\n\t\t           <\/div>\r\n   \t<\/div>\r\n   <\/div>\t\t\r\n\r\n         <\/div>\r\n         <\/div>   \r\n<\/div>\r\n<\/div>\t\t\t\t<\/div>\n\t\t\t\t<\/div>\n\t\t\t\t\t<\/div>\n\t\t<\/div>\n\t\t\t\t\t<\/div>\n\t\t<\/section>\n\t\t<div class=\"elementor-element elementor-element-129c278 e-flex e-con-boxed e-con e-parent\" data-id=\"129c278\" data-element_type=\"container\">\n\t\t\t\t\t<div class=\"e-con-inner\">\n\t\t\t\t<div class=\"elementor-element elementor-element-1113553 elementor-widget elementor-widget-spacer\" data-id=\"1113553\" data-element_type=\"widget\" data-widget_type=\"spacer.default\">\n\t\t\t\t<div class=\"elementor-widget-container\">\n\t\t\t\t\t\t\t<div class=\"elementor-spacer\">\n\t\t\t<div class=\"elementor-spacer-inner\"><\/div>\n\t\t<\/div>\n\t\t\t\t\t\t<\/div>\n\t\t\t\t<\/div>\n\t\t\t\t\t<\/div>\n\t\t\t\t<\/div>\n\t\t<div class=\"elementor-element elementor-element-e6ae30a e-flex e-con-boxed e-con e-parent\" data-id=\"e6ae30a\" data-element_type=\"container\">\n\t\t\t\t\t<div class=\"e-con-inner\">\n\t\t\t\t<div class=\"elementor-element elementor-element-40efef4 e-n-tabs-mobile elementor-widget elementor-widget-n-tabs\" data-id=\"40efef4\" data-element_type=\"widget\" data-settings=\"{&quot;horizontal_scroll&quot;:&quot;disable&quot;}\" data-widget_type=\"nested-tabs.default\">\n\t\t\t\t<div class=\"elementor-widget-container\">\n\t\t\t\t\t\t\t<div class=\"e-n-tabs\" data-widget-number=\"68091636\" aria-label=\"Tabs. Open items with Enter or Space, close with Escape and navigate using the Arrow keys.\">\n\t\t\t<div class=\"e-n-tabs-heading\" role=\"tablist\">\n\t\t\t\t\t<button id=\"e-n-tab-title-680916361\" class=\"e-n-tab-title\" aria-selected=\"true\" data-tab-index=\"1\" role=\"tab\" tabindex=\"0\" aria-controls=\"e-n-tab-content-680916361\" style=\"--n-tabs-title-order: 1;\">\n\t\t\t\t\t\t<span class=\"e-n-tab-title-text\">\n\t\t\t\tProduction Durable de Biocharbon\t\t\t<\/span>\n\t\t<\/button>\n\t\t\t\t<button id=\"e-n-tab-title-680916362\" class=\"e-n-tab-title\" aria-selected=\"false\" data-tab-index=\"2\" role=\"tab\" tabindex=\"-1\" aria-controls=\"e-n-tab-content-680916362\" style=\"--n-tabs-title-order: 2;\">\n\t\t\t\t\t\t<span class=\"e-n-tab-title-text\">\n\t\t\t\tFoyers Am\u00e9lior\u00e9s\t\t\t<\/span>\n\t\t<\/button>\n\t\t\t\t<button id=\"e-n-tab-title-680916363\" class=\"e-n-tab-title\" aria-selected=\"false\" data-tab-index=\"3\" role=\"tab\" tabindex=\"-1\" aria-controls=\"e-n-tab-content-680916363\" style=\"--n-tabs-title-order: 3;\">\n\t\t\t\t\t\t<span class=\"e-n-tab-title-text\">\n\t\t\t\tAllume-Feu \u00c9cologiques\t\t\t<\/span>\n\t\t<\/button>\n\t\t\t\t<button id=\"e-n-tab-title-680916364\" class=\"e-n-tab-title\" aria-selected=\"false\" data-tab-index=\"4\" role=\"tab\" tabindex=\"-1\" aria-controls=\"e-n-tab-content-680916364\" style=\"--n-tabs-title-order: 4;\">\n\t\t\t\t\t\t<span class=\"e-n-tab-title-text\">\n\t\t\t\tBiochar pour l\u2019Am\u00e9lioration des Sols\t\t\t<\/span>\n\t\t<\/button>\n\t\t\t\t\t<\/div>\n\t\t\t<div class=\"e-n-tabs-content\">\n\t\t\t\t<div id=\"e-n-tab-content-680916361\" role=\"tabpanel\" aria-labelledby=\"e-n-tab-title-680916361\" data-tab-index=\"1\" style=\"--n-tabs-title-order: 1;\" class=\"e-active elementor-element elementor-element-4e451dd e-con-full e-flex e-con e-child\" data-id=\"4e451dd\" data-element_type=\"container\">\n\t\t\t\t<div class=\"elementor-element elementor-element-6694862 elementor-widget elementor-widget-text-editor\" data-id=\"6694862\" data-element_type=\"widget\" data-widget_type=\"text-editor.default\">\n\t\t\t\t<div class=\"elementor-widget-container\">\n\t\t\t\t\t\t\t\t\t<p>Nous produisons du <strong>biocharbon<\/strong> propre et efficace \u00e0 partir de d\u00e9chetsorganiques et de r\u00e9sidusagricoles, r\u00e9duisantainsi la d\u00e9forestation et les \u00e9missionsnocives. Notre charbon <strong>Makala Pure<\/strong>is <strong>estune alternative abordable,<\/strong> \u00e9cologique et durable au charbon de boistraditionnel.<\/p>\t\t\t\t\t\t\t\t<\/div>\n\t\t\t\t<\/div>\n\t\t\t\t<\/div>\n\t\t<div id=\"e-n-tab-content-680916362\" role=\"tabpanel\" aria-labelledby=\"e-n-tab-title-680916362\" data-tab-index=\"2\" style=\"--n-tabs-title-order: 2;\" class=\"elementor-element elementor-element-85cf3b1 e-con-full e-flex e-con e-child\" data-id=\"85cf3b1\" data-element_type=\"container\">\n\t\t\t\t<div class=\"elementor-element elementor-element-029bd4e elementor-widget elementor-widget-text-editor\" data-id=\"029bd4e\" data-element_type=\"widget\" data-widget_type=\"text-editor.default\">\n\t\t\t\t<div class=\"elementor-widget-container\">\n\t\t\t\t\t\t\t\t\t<p>Nos <strong>foyers \u00e9cologiques Kijanisontcon\u00e7us<\/strong> are designed to maximize fuel efficiency while reducing carbon emissions and firewood consumption. These stoves promote <strong>et am\u00e9liorent la sant\u00e9 des m\u00e9nages.<\/strong><\/p>\t\t\t\t\t\t\t\t<\/div>\n\t\t\t\t<\/div>\n\t\t\t\t<\/div>\n\t\t<div id=\"e-n-tab-content-680916363\" role=\"tabpanel\" aria-labelledby=\"e-n-tab-title-680916363\" data-tab-index=\"3\" style=\"--n-tabs-title-order: 3;\" class=\"elementor-element elementor-element-5fc4732 e-con-full e-flex e-con e-child\" data-id=\"5fc4732\" data-element_type=\"container\">\n\t\t\t\t<div class=\"elementor-element elementor-element-c2d5c3e elementor-widget elementor-widget-text-editor\" data-id=\"c2d5c3e\" data-element_type=\"widget\" data-widget_type=\"text-editor.default\">\n\t\t\t\t<div class=\"elementor-widget-container\">\n\t\t\t\t\t\t\t\t\t<p>Nous d\u00e9veloppons <strong>des allume-feu naturelsappel\u00e9sPelisa Moto,<\/strong> fabriqu\u00e9s \u00e0 partir de mat\u00e9riauxorganiques. <strong>Ilsoffrentune solution s\u00fbre, non toxique et efficace pour<\/strong> allumer le charbon et les foyers, r\u00e9duisantainsi la d\u00e9pendance au k\u00e9ros\u00e8ne et aux autresm\u00e9thodesd\u2019allumagenocives.<\/p>\t\t\t\t\t\t\t\t<\/div>\n\t\t\t\t<\/div>\n\t\t\t\t<\/div>\n\t\t<div id=\"e-n-tab-content-680916364\" role=\"tabpanel\" aria-labelledby=\"e-n-tab-title-680916364\" data-tab-index=\"4\" style=\"--n-tabs-title-order: 4;\" class=\"elementor-element elementor-element-89fd8f9 e-flex e-con-boxed e-con e-child\" data-id=\"89fd8f9\" data-element_type=\"container\">\n\t\t\t\t\t<div class=\"e-con-inner\">\n\t\t\t\t<div class=\"elementor-element elementor-element-dc43712 elementor-widget elementor-widget-text-editor\" data-id=\"dc43712\" data-element_type=\"widget\" data-widget_type=\"text-editor.default\">\n\t\t\t\t<div class=\"elementor-widget-container\">\n\t\t\t\t\t\t\t\t\t<p>Notre <strong>biochar<\/strong> de haute qualit\u00e9am\u00e9liore la fertilit\u00e9 des sols, renforce la r\u00e9tentiond\u2019humidit\u00e9 et aide \u00e0 s\u00e9questrer le carbone, enfaisant un outil <strong>puissant pour l\u2019agriculture durable et la r\u00e9silienceclimatique.<\/strong>.<\/p>\t\t\t\t\t\t\t\t<\/div>\n\t\t\t\t<\/div>\n\t\t\t\t\t<\/div>\n\t\t\t\t<\/div>\n\t\t\t\t\t<\/div>\n\t\t<\/div>\n\t\t\t\t\t\t<\/div>\n\t\t\t\t<\/div>\n\t\t\t\t\t<\/div>\n\t\t\t\t<\/div>\n\t\t\t\t<section class=\"elementor-section elementor-top-section elementor-element elementor-element-895911a elementor-section-boxed elementor-section-height-default elementor-section-height-default shape-bg-top-no shape-bg-bottom-no\" data-id=\"895911a\" data-element_type=\"section\" data-settings=\"{&quot;background_background&quot;:&quot;classic&quot;}\">\n\t\t\t\t\t\t<div class=\"elementor-container elementor-column-gap-default\">\n\t\t\t\t\t<div class=\"elementor-column elementor-col-50 elementor-top-column elementor-element elementor-element-50c4952\" data-id=\"50c4952\" data-element_type=\"column\">\n\t\t\t<div class=\"elementor-widget-wrap elementor-element-populated\">\n\t\t\t\t\t\t<div class=\"elementor-element elementor-element-be81637 elementor-widget elementor-widget-text-editor\" data-id=\"be81637\" data-element_type=\"widget\" data-widget_type=\"text-editor.default\">\n\t\t\t\t<div class=\"elementor-widget-container\">\n\t\t\t\t\t\t\t\t\t<p style=\"text-align: justify;\"><span style=\"color: #000000;\">Chez YayopGroup, notre force r\u00e9side dans notre \u00e9quipe dynamique et passionn\u00e9e. Compos\u00e9ed\u2019expertsenenvironnement, ening\u00e9nierie, en gestion de projet et end\u00e9veloppement durable, notre \u00e9quipe travaille main dans la main pour proposer des solutions innovantes et adapt\u00e9es aux r\u00e9alit\u00e9s locales. Nous croyons en la collaboration et nous mettons un point d\u2019honneur \u00e0 impliquer les communaut\u00e9s locales dans nos initiatives afind\u2019assurer un impact durable.<\/span><\/p>\t\t\t\t\t\t\t\t<\/div>\n\t\t\t\t<\/div>\n\t\t\t\t<div class=\"elementor-element elementor-element-dbdf429 elementor-widget elementor-widget-n-accordion\" data-id=\"dbdf429\" data-element_type=\"widget\" data-settings=\"{&quot;default_state&quot;:&quot;expanded&quot;,&quot;max_items_expended&quot;:&quot;one&quot;,&quot;n_accordion_animation_duration&quot;:{&quot;unit&quot;:&quot;ms&quot;,&quot;size&quot;:400,&quot;sizes&quot;:[]}}\" data-widget_type=\"nested-accordion.default\">\n\t\t\t\t<div class=\"elementor-widget-container\">\n\t\t\t\t\t\t\t<div class=\"e-n-accordion\" aria-label=\"Accordion. Open links with Enter or Space, close with Escape, and navigate with Arrow Keys\">\n\t\t\t\t\t\t<details id=\"e-n-accordion-item-2300\" class=\"e-n-accordion-item\" open>\n\t\t\t\t<summary class=\"e-n-accordion-item-title\" data-accordion-index=\"1\" tabindex=\"0\" aria-expanded=\"true\" aria-controls=\"e-n-accordion-item-2300\" >\n\t\t\t\t\t<span class='e-n-accordion-item-title-header'><div class=\"e-n-accordion-item-title-text\"> Notre Engagement <\/div><\/span>\n\t\t\t\t\t\t\t<span class='e-n-accordion-item-title-icon'>\n\t\t\t<span class='e-opened' ><i aria-hidden=\"true\" class=\"fas fa-minus\"><\/i><\/span>\n\t\t\t<span class='e-closed'><i aria-hidden=\"true\" class=\"fas fa-plus\"><\/i><\/span>\n\t\t<\/span>\n\n\t\t\t\t\t\t<\/summary>\n\t\t\t\t<div role=\"region\" aria-labelledby=\"e-n-accordion-item-2300\" class=\"elementor-element elementor-element-3359574 e-con-full e-flex e-con e-child\" data-id=\"3359574\" data-element_type=\"container\">\n\t\t\t\t<div class=\"elementor-element elementor-element-a086a0c elementor-widget elementor-widget-text-editor\" data-id=\"a086a0c\" data-element_type=\"widget\" data-widget_type=\"text-editor.default\">\n\t\t\t\t<div class=\"elementor-widget-container\">\n\t\t\t\t\t\t\t\t\t<p style=\"text-align: justify;\"><span style=\"color: #000000;\">Nous nousengageons \u00e0 rendrenosproduitsaccessibles \u00e0 des prix abordables pour permettre \u00e0 tous de b\u00e9n\u00e9ficier d\u2019un mode de vie plus sain. L\u2019adoptiong\u00e9n\u00e9ralis\u00e9e de notre biochar estessentielle \u00e0 la pr\u00e9servation de l\u2019\u00e9cosyst\u00e8me et \u00e0 l\u2019am\u00e9lioration de la sant\u00e9 publique. En promouvantl\u2019utilisation de nos solutions \u00e9cologiques, nous contribuons \u00e0 r\u00e9duire la d\u00e9gradation de l\u2019environnement et \u00e0 b\u00e2tir un avenir durable.<\/span><\/p>\t\t\t\t\t\t\t\t<\/div>\n\t\t\t\t<\/div>\n\t\t\t\t<\/div>\n\t\t\t\t\t<\/details>\n\t\t\t\t\t\t<details id=\"e-n-accordion-item-2301\" class=\"e-n-accordion-item\" >\n\t\t\t\t<summary class=\"e-n-accordion-item-title\" data-accordion-index=\"2\" tabindex=\"-1\" aria-expanded=\"false\" aria-controls=\"e-n-accordion-item-2301\" >\n\t\t\t\t\t<span class='e-n-accordion-item-title-header'><div class=\"e-n-accordion-item-title-text\"> Notre ApprocheUnique <\/div><\/span>\n\t\t\t\t\t\t\t<span class='e-n-accordion-item-title-icon'>\n\t\t\t<span class='e-opened' ><i aria-hidden=\"true\" class=\"fas fa-minus\"><\/i><\/span>\n\t\t\t<span class='e-closed'><i aria-hidden=\"true\" class=\"fas fa-plus\"><\/i><\/span>\n\t\t<\/span>\n\n\t\t\t\t\t\t<\/summary>\n\t\t\t\t<div role=\"region\" aria-labelledby=\"e-n-accordion-item-2301\" class=\"elementor-element elementor-element-2df9b38 e-con-full e-flex e-con e-child\" data-id=\"2df9b38\" data-element_type=\"container\">\n\t\t\t\t<div class=\"elementor-element elementor-element-0545023 elementor-widget elementor-widget-text-editor\" data-id=\"0545023\" data-element_type=\"widget\" data-widget_type=\"text-editor.default\">\n\t\t\t\t<div class=\"elementor-widget-container\">\n\t\t\t\t\t\t\t\t\t<p style=\"text-align: justify;\"><span style=\"color: #000000;\">Nous nousdistinguons par notre engagement envers la durabilit\u00e9. La plupart de nosproduitssontfabriqu\u00e9s \u00e0 partir de mat\u00e9riauxrecycl\u00e9sissus des d\u00e9chets que nous collectons. Nous encourageons les m\u00e9nages, restaurants, industries et h\u00f4tels \u00e0 faire appel \u00e0 nos services de collecte de d\u00e9chets. Que cesoit des d\u00e9chetsalimentairesouplastiques, notre \u00e9quipe d\u00e9vou\u00e9eestpr\u00eate \u00e0 vous accompagner.<\/span><\/p>\t\t\t\t\t\t\t\t<\/div>\n\t\t\t\t<\/div>\n\t\t\t\t<\/div>\n\t\t\t\t\t<\/details>\n\t\t\t\t\t<\/div>\n\t\t\t\t\t\t<\/div>\n\t\t\t\t<\/div>\n\t\t\t\t\t<\/div>\n\t\t<\/div>\n\t\t\t\t<div class=\"elementor-column elementor-col-50 elementor-top-column elementor-element elementor-element-21e46e3 elementor-hidden-mobile\" data-id=\"21e46e3\" data-element_type=\"column\">\n\t\t\t<div class=\"elementor-widget-wrap elementor-element-populated\">\n\t\t\t\t\t\t<div class=\"elementor-element elementor-element-d8a36b9 elementor-widget elementor-widget-image\" data-id=\"d8a36b9\" data-element_type=\"widget\" data-widget_type=\"image.default\">\n\t\t\t\t<div class=\"elementor-widget-container\">\n\t\t\t\t\t\t\t\t\t\t\t\t\t\t\t<img decoding=\"async\" width=\"221\" height=\"330\" src=\"https:\/\/yayopgroup.com\/wp-content\/uploads\/2025\/05\/team-11.jpg\" class=\"attachment-large size-large wp-image-3451\" alt=\"\" srcset=\"https:\/\/yayopgroup.com\/wp-content\/uploads\/2025\/05\/team-11.jpg 221w, https:\/\/yayopgroup.com\/wp-content\/uploads\/2025\/05\/team-11-8x12.jpg 8w\" sizes=\"(max-width: 221px) 100vw, 221px\" \/>\t\t\t\t\t\t\t\t\t\t\t\t\t\t\t<\/div>\n\t\t\t\t<\/div>\n\t\t\t\t\t<\/div>\n\t\t<\/div>\n\t\t\t\t\t<\/div>\n\t\t<\/section>\n\t\t\t\t<\/div>","protected":false},"excerpt":{"rendered":"<p>We specialize in providing safe, clean, reliable, and affordable energy solutions. Our offerings not only help customers save money but also contribute to improved health, education, and environmental outcomes. Explore [&hellip;]<\/p>","protected":false},"author":1,"featured_media":0,"parent":0,"menu_order":0,"comment_status":"closed","ping_status":"closed","template":"","meta":{"footnotes":""},"class_list":["post-21","page","type-page","status-publish","hentry"],"_links":{"self":[{"href":"https:\/\/yayopgroup.com\/fr\/wp-json\/wp\/v2\/pages\/21","targetHints":{"allow":["GET"]}}],"collection":[{"href":"https:\/\/yayopgroup.com\/fr\/wp-json\/wp\/v2\/pages"}],"about":[{"href":"https:\/\/yayopgroup.com\/fr\/wp-json\/wp\/v2\/types\/page"}],"author":[{"embeddable":true,"href":"https:\/\/yayopgroup.com\/fr\/wp-json\/wp\/v2\/users\/1"}],"replies":[{"embeddable":true,"href":"https:\/\/yayopgroup.com\/fr\/wp-json\/wp\/v2\/comments?post=21"}],"version-history":[{"count":393,"href":"https:\/\/yayopgroup.com\/fr\/wp-json\/wp\/v2\/pages\/21\/revisions"}],"predecessor-version":[{"id":3480,"href":"https:\/\/yayopgroup.com\/fr\/wp-json\/wp\/v2\/pages\/21\/revisions\/3480"}],"wp:attachment":[{"href":"https:\/\/yayopgroup.com\/fr\/wp-json\/wp\/v2\/media?parent=21"}],"curies":[{"name":"wp","href":"https:\/\/api.w.org\/{rel}","templated":true}]}}