 {"id":1846,"date":"2024-02-29T07:15:51","date_gmt":"2024-02-29T07:15:51","guid":{"rendered":"https:\/\/yayopgroup.com\/?page_id=1846"},"modified":"2024-05-11T15:52:47","modified_gmt":"2024-05-11T15:52:47","slug":"honey","status":"publish","type":"page","link":"https:\/\/yayopgroup.com\/fr\/honey\/","title":{"rendered":"Miel pur"},"content":{"rendered":"<div data-elementor-type=\"wp-page\" data-elementor-id=\"1846\" class=\"elementor elementor-1846\">\n\t\t\t\t\t\t<section class=\"elementor-section elementor-top-section elementor-element elementor-element-9b2d6fd elementor-section-boxed elementor-section-height-default elementor-section-height-default shape-bg-top-no\" data-id=\"9b2d6fd\" data-element_type=\"section\" data-settings=\"{&quot;background_background&quot;:&quot;slideshow&quot;,&quot;background_slideshow_gallery&quot;:[{&quot;id&quot;:2518,&quot;url&quot;:&quot;https:\\\/\\\/yayopgroup.com\\\/wp-content\\\/uploads\\\/2024\\\/03\\\/honey-dripping-from-dipper-into-jar-set-against-wooden-tones.jpg&quot;},{&quot;id&quot;:1854,&quot;url&quot;:&quot;https:\\\/\\\/yayopgroup.com\\\/wp-content\\\/uploads\\\/2024\\\/02\\\/honey-scaled-1.jpg&quot;}],&quot;background_slideshow_ken_burns&quot;:&quot;yes&quot;,&quot;background_slideshow_loop&quot;:&quot;yes&quot;,&quot;background_slideshow_slide_duration&quot;:5000,&quot;background_slideshow_slide_transition&quot;:&quot;fade&quot;,&quot;background_slideshow_transition_duration&quot;:500,&quot;background_slideshow_ken_burns_zoom_direction&quot;:&quot;in&quot;}\">\n\t\t\t\t\t\t<div class=\"elementor-container elementor-column-gap-default\">\n\t\t\t\t\t<div class=\"elementor-column elementor-col-100 elementor-top-column elementor-element elementor-element-9ffb2c9\" data-id=\"9ffb2c9\" data-element_type=\"column\">\n\t\t\t<div class=\"elementor-widget-wrap elementor-element-populated\">\n\t\t\t\t\t\t<div class=\"elementor-element elementor-element-6ddafc8 elementor-widget elementor-widget-spacer\" data-id=\"6ddafc8\" data-element_type=\"widget\" data-widget_type=\"spacer.default\">\n\t\t\t\t<div class=\"elementor-widget-container\">\n\t\t\t\t\t\t\t<div class=\"elementor-spacer\">\n\t\t\t<div class=\"elementor-spacer-inner\"><\/div>\n\t\t<\/div>\n\t\t\t\t\t\t<\/div>\n\t\t\t\t<\/div>\n\t\t\t\t\t<\/div>\n\t\t<\/div>\n\t\t\t\t\t<\/div>\n\t\t<\/section>\n\t\t\t\t<section class=\"elementor-section elementor-top-section elementor-element elementor-element-be4ec02 elementor-section-boxed elementor-section-height-default elementor-section-height-default shape-bg-top-no shape-bg-bottom-no\" data-id=\"be4ec02\" data-element_type=\"section\">\n\t\t\t\t\t\t<div class=\"elementor-container elementor-column-gap-default\">\n\t\t\t\t\t<div class=\"elementor-column elementor-col-50 elementor-top-column elementor-element elementor-element-ebb1edd\" data-id=\"ebb1edd\" data-element_type=\"column\">\n\t\t\t<div class=\"elementor-widget-wrap elementor-element-populated\">\n\t\t\t\t\t\t<div class=\"elementor-element elementor-element-1d62749 elementor-widget elementor-widget-spacer\" data-id=\"1d62749\" data-element_type=\"widget\" data-widget_type=\"spacer.default\">\n\t\t\t\t<div class=\"elementor-widget-container\">\n\t\t\t\t\t\t\t<div class=\"elementor-spacer\">\n\t\t\t<div class=\"elementor-spacer-inner\"><\/div>\n\t\t<\/div>\n\t\t\t\t\t\t<\/div>\n\t\t\t\t<\/div>\n\t\t\t\t<div class=\"elementor-element elementor-element-f8347a1 elementor-widget elementor-widget-image\" data-id=\"f8347a1\" data-element_type=\"widget\" data-widget_type=\"image.default\">\n\t\t\t\t<div class=\"elementor-widget-container\">\n\t\t\t\t\t\t\t\t\t\t\t\t\t\t\t<img fetchpriority=\"high\" decoding=\"async\" width=\"360\" height=\"540\" src=\"https:\/\/yayopgroup.com\/wp-content\/uploads\/2024\/02\/honey-scaled-1.jpg\" class=\"attachment-medium size-medium wp-image-1854\" alt=\"\" \/>\t\t\t\t\t\t\t\t\t\t\t\t\t\t\t<\/div>\n\t\t\t\t<\/div>\n\t\t\t\t\t<\/div>\n\t\t<\/div>\n\t\t\t\t<div class=\"elementor-column elementor-col-50 elementor-top-column elementor-element elementor-element-bb3adeb\" data-id=\"bb3adeb\" data-element_type=\"column\">\n\t\t\t<div class=\"elementor-widget-wrap elementor-element-populated\">\n\t\t\t\t\t\t<div class=\"elementor-element elementor-element-71fd266 elementor-widget elementor-widget-spacer\" data-id=\"71fd266\" data-element_type=\"widget\" data-widget_type=\"spacer.default\">\n\t\t\t\t<div class=\"elementor-widget-container\">\n\t\t\t\t\t\t\t<div class=\"elementor-spacer\">\n\t\t\t<div class=\"elementor-spacer-inner\"><\/div>\n\t\t<\/div>\n\t\t\t\t\t\t<\/div>\n\t\t\t\t<\/div>\n\t\t\t\t<div class=\"elementor-element elementor-element-4a1c510 elementor-widget elementor-widget-gva-heading-block\" data-id=\"4a1c510\" data-element_type=\"widget\" data-widget_type=\"gva-heading-block.default\">\n\t\t\t\t<div class=\"elementor-widget-container\">\n\t\t\t\t\t<div class=\"gva-element-gva-heading-block gva-element\">   <div class=\"align-left style-1 widget gsc-heading box-align-left auto-responsive\">\r\n      <div class=\"content-inner\">\r\n         \r\n                  \r\n         <div class=\"sub-title\"><span class=\"heading-icon\"><img decoding=\"async\" src=\"https:\/\/yayopgroup.com\/wp-content\/plugins\/orgarium-themer\/elementor\/assets\/images\/icon-heading.png\" alt=\"\" \/><\/span><span class=\"tagline\">Ch\u00e9ri<\/span><\/div>  \r\n         \r\n                  \r\n         \r\n      <\/div>\r\n   <\/div>\r\n<\/div>\t\t\t\t<\/div>\n\t\t\t\t<\/div>\n\t\t\t\t<div class=\"elementor-element elementor-element-41b8eef elementor-widget elementor-widget-text-editor\" data-id=\"41b8eef\" data-element_type=\"widget\" data-widget_type=\"text-editor.default\">\n\t\t\t\t<div class=\"elementor-widget-container\">\n\t\t\t\t\t\t\t\t\t<p style=\"text-align: justify;\"><span style=\"color: #000000;\">\u00abBienvenue dans notre exquise collection de miel pur, provenant directement des paysages immacul\u00e9s de la R\u00e9publique d\u00e9mocratique du Congo (RDC). Notre miel est m\u00e9ticuleusement \u00e9labor\u00e9 par des apiculteurs locaux, en utilisant des m\u00e9thodes traditionnelles qui pr\u00e9servent ses bienfaits naturels et sa riche saveur.<\/span><\/p><p style=\"text-align: justify;\"><span style=\"color: #000000;\">Chaque pot de notre miel raconte une histoire de durabilit\u00e9, car nous accordons la priorit\u00e9 aux pratiques apicoles \u00e9thiques qui respectent l'environnement et soutiennent les communaut\u00e9s locales. Nos abeilles se nourrissent de diverses sources florales, ce qui donne un m\u00e9lange unique de saveurs qui capturent l\u2019essence de la biodiversit\u00e9 de la RDC.<\/span><\/p><p style=\"text-align: justify;\"><span style=\"color: #000000;\">Laissez-vous tenter par la douceur dor\u00e9e de notre miel, parfait pour arroser vos toasts du matin, m\u00e9langer dans du th\u00e9 ou ajouter une touche de douceur naturelle \u00e0 vos recettes pr\u00e9f\u00e9r\u00e9es. Avec son go\u00fbt et ses bienfaits nutritionnels in\u00e9gal\u00e9s, notre miel pur de RDC est un v\u00e9ritable d\u00e9lice pour les sens.<\/span><\/p><p style=\"text-align: justify;\"><span style=\"color: #000000;\">D\u00e9couvrez d\u00e8s aujourd\u2019hui le go\u00fbt de la g\u00e9n\u00e9rosit\u00e9 de la nature avec notre collection de miels haut de gamme. Commandez maintenant et savourez l\u2019essence de la RDC dans chaque cuiller\u00e9e.<\/span><\/p>\t\t\t\t\t\t\t\t<\/div>\n\t\t\t\t<\/div>\n\t\t\t\t\t<\/div>\n\t\t<\/div>\n\t\t\t\t\t<\/div>\n\t\t<\/section>\n\t\t\t\t<section class=\"elementor-section elementor-top-section elementor-element elementor-element-d667937 elementor-section-boxed elementor-section-height-default elementor-section-height-default shape-bg-top-no shape-bg-bottom-no\" data-id=\"d667937\" data-element_type=\"section\">\n\t\t\t\t\t\t<div class=\"elementor-container elementor-column-gap-default\">\n\t\t\t\t\t<div class=\"elementor-column elementor-col-100 elementor-top-column elementor-element elementor-element-023b828\" data-id=\"023b828\" data-element_type=\"column\">\n\t\t\t<div class=\"elementor-widget-wrap elementor-element-populated\">\n\t\t\t\t\t\t<div class=\"elementor-element elementor-element-1d0e402 elementor-widget elementor-widget-gva-heading-block\" data-id=\"1d0e402\" data-element_type=\"widget\" data-widget_type=\"gva-heading-block.default\">\n\t\t\t\t<div class=\"elementor-widget-container\">\n\t\t\t\t\t<div class=\"gva-element-gva-heading-block gva-element\">   <div class=\"align-left style-1 widget gsc-heading box-align-left auto-responsive\">\r\n      <div class=\"content-inner\">\r\n         \r\n                  \r\n         <div class=\"sub-title\"><span class=\"heading-icon\"><img decoding=\"async\" src=\"https:\/\/yayopgroup.com\/wp-content\/plugins\/orgarium-themer\/elementor\/assets\/images\/icon-heading.png\" alt=\"\" \/><\/span><span class=\"tagline\">Bienfaits de notre miel Pur made in Congo <\/span><\/div>  \r\n         \r\n                  \r\n         \r\n      <\/div>\r\n   <\/div>\r\n<\/div>\t\t\t\t<\/div>\n\t\t\t\t<\/div>\n\t\t\t\t<div class=\"elementor-element elementor-element-35fb80f elementor-widget elementor-widget-text-editor\" data-id=\"35fb80f\" data-element_type=\"widget\" data-widget_type=\"text-editor.default\">\n\t\t\t\t<div class=\"elementor-widget-container\">\n\t\t\t\t\t\t\t\t\t<p style=\"text-align: justify;\"><span style=\"color: #000000;\"><strong>\u00c9dulcorant naturel\u00a0:<\/strong> Le miel est une alternative d\u00e9licieuse et naturelle aux sucres raffin\u00e9s. Il ajoute de la douceur aux aliments et aux boissons tout en offrant de nombreux bienfaits pour la sant\u00e9.<\/span><\/p><p style=\"text-align: justify;\"><span style=\"color: #000000;\"><strong>Riche en nutriments\u00a0:<\/strong> Le miel contient diverses vitamines, min\u00e9raux et antioxydants b\u00e9n\u00e9fiques pour la sant\u00e9 globale. Il peut contenir de la vitamine C, du calcium, du fer et bien plus encore, selon la source florale.<\/span><\/p><p style=\"text-align: justify;\"><span style=\"color: #000000;\"><strong>Propri\u00e9t\u00e9s antioxydantes\u00a0:<\/strong> Les antioxydants contenus dans le miel aident \u00e0 prot\u00e9ger l\u2019organisme du stress oxydatif et peuvent r\u00e9duire le risque de maladies chroniques.<\/span><\/p><p style=\"text-align: justify;\"><span style=\"color: #000000;\"><strong>Soutien du syst\u00e8me immunitaire\u00a0:<\/strong> Le miel poss\u00e8de des propri\u00e9t\u00e9s antimicrobiennes et antibact\u00e9riennes, ce qui en fait un rem\u00e8de populaire pour apaiser les maux de gorge et la toux.<\/span><\/p><p style=\"text-align: justify;\"><span style=\"color: #000000;\"><strong>Cicatrisation des plaies\u00a0:<\/strong> Le miel est utilis\u00e9 depuis des si\u00e8cles dans le soin des plaies en raison de ses propri\u00e9t\u00e9s antibact\u00e9riennes et de sa capacit\u00e9 \u00e0 favoriser la cicatrisation et la r\u00e9g\u00e9n\u00e9ration des tissus.<\/span><\/p><p style=\"text-align: justify;\"><span style=\"color: #000000;\"><strong>Sant\u00e9 digestive:<\/strong> Consommer du miel avec mod\u00e9ration peut faciliter la digestion et soulager les probl\u00e8mes gastro-intestinaux tels que l'indigestion et les ballonnements.<\/span><\/p><p style=\"text-align: justify;\"><span style=\"color: #000000;\"><strong>Regain d'\u00e9nergie:<\/strong> Le miel est une source naturelle de glucides, ce qui en fait une source d'\u00e9nergie rapide et facilement digestible pour l'activit\u00e9 physique.<\/span><\/p><p style=\"text-align: justify;\"><span style=\"color: #000000;\"><strong>Soins de la peau:<\/strong> Le miel est utilis\u00e9 dans les produits de soins de la peau pour ses propri\u00e9t\u00e9s hydratantes et antibact\u00e9riennes, aidant \u00e0 nourrir et \u00e0 prot\u00e9ger la peau.<\/span><\/p><p style=\"text-align: justify;\"><span style=\"color: #000000;\"><strong>Soulagement des allergies\u00a0:<\/strong> Certaines personnes pensent que la consommation de miel local peut r\u00e9duire les allergies saisonni\u00e8res en exposant le corps \u00e0 de petites quantit\u00e9s de pollen.<\/span><\/p><p style=\"text-align: justify;\"><span style=\"color: #000000;\"><strong>Sant\u00e9 cardiaque\u00a0:<\/strong> La consommation r\u00e9guli\u00e8re de miel, en particulier de vari\u00e9t\u00e9s brutes et non transform\u00e9es, peut contribuer \u00e0 am\u00e9liorer la sant\u00e9 cardiaque en r\u00e9duisant le taux de cholest\u00e9rol et l'inflammation.<\/span><\/p>\t\t\t\t\t\t\t\t<\/div>\n\t\t\t\t<\/div>\n\t\t\t\t\t<\/div>\n\t\t<\/div>\n\t\t\t\t\t<\/div>\n\t\t<\/section>\n\t\t\t\t<section class=\"elementor-section elementor-top-section elementor-element elementor-element-697c040 elementor-section-boxed elementor-section-height-default elementor-section-height-default shape-bg-top-no shape-bg-bottom-no\" data-id=\"697c040\" data-element_type=\"section\">\n\t\t\t\t\t\t<div class=\"elementor-container elementor-column-gap-default\">\n\t\t\t\t\t<div class=\"elementor-column elementor-col-100 elementor-top-column elementor-element elementor-element-d9d318c\" data-id=\"d9d318c\" data-element_type=\"column\">\n\t\t\t<div class=\"elementor-widget-wrap elementor-element-populated\">\n\t\t\t\t\t\t<div class=\"elementor-element elementor-element-e0b0e31 elementor-widget elementor-widget-spacer\" data-id=\"e0b0e31\" data-element_type=\"widget\" data-widget_type=\"spacer.default\">\n\t\t\t\t<div class=\"elementor-widget-container\">\n\t\t\t\t\t\t\t<div class=\"elementor-spacer\">\n\t\t\t<div class=\"elementor-spacer-inner\"><\/div>\n\t\t<\/div>\n\t\t\t\t\t\t<\/div>\n\t\t\t\t<\/div>\n\t\t\t\t\t<\/div>\n\t\t<\/div>\n\t\t\t\t\t<\/div>\n\t\t<\/section>\n\t\t\t\t<\/div>","protected":false},"excerpt":{"rendered":"<p>Honey &#8220;Welcome to our exquisite collection of pure honey, sourced directly from the pristine landscapes of the Democratic Republic of Congo (DRC). Our honey is meticulously crafted by local beekeepers, [&hellip;]<\/p>","protected":false},"author":1,"featured_media":0,"parent":0,"menu_order":0,"comment_status":"closed","ping_status":"closed","template":"","meta":{"footnotes":""},"class_list":["post-1846","page","type-page","status-publish","hentry"],"_links":{"self":[{"href":"https:\/\/yayopgroup.com\/fr\/wp-json\/wp\/v2\/pages\/1846","targetHints":{"allow":["GET"]}}],"collection":[{"href":"https:\/\/yayopgroup.com\/fr\/wp-json\/wp\/v2\/pages"}],"about":[{"href":"https:\/\/yayopgroup.com\/fr\/wp-json\/wp\/v2\/types\/page"}],"author":[{"embeddable":true,"href":"https:\/\/yayopgroup.com\/fr\/wp-json\/wp\/v2\/users\/1"}],"replies":[{"embeddable":true,"href":"https:\/\/yayopgroup.com\/fr\/wp-json\/wp\/v2\/comments?post=1846"}],"version-history":[{"count":44,"href":"https:\/\/yayopgroup.com\/fr\/wp-json\/wp\/v2\/pages\/1846\/revisions"}],"predecessor-version":[{"id":3212,"href":"https:\/\/yayopgroup.com\/fr\/wp-json\/wp\/v2\/pages\/1846\/revisions\/3212"}],"wp:attachment":[{"href":"https:\/\/yayopgroup.com\/fr\/wp-json\/wp\/v2\/media?parent=1846"}],"curies":[{"name":"wp","href":"https:\/\/api.w.org\/{rel}","templated":true}]}}