 {"id":1808,"date":"2024-02-29T07:00:12","date_gmt":"2024-02-29T07:00:12","guid":{"rendered":"https:\/\/yayopgroup.com\/?page_id=1808"},"modified":"2024-05-11T16:12:17","modified_gmt":"2024-05-11T16:12:17","slug":"bio-charcoal","status":"publish","type":"page","link":"https:\/\/yayopgroup.com\/fr\/bio-charcoal\/","title":{"rendered":"Charbon Bio"},"content":{"rendered":"<div data-elementor-type=\"wp-page\" data-elementor-id=\"1808\" class=\"elementor elementor-1808\">\n\t\t\t\t\t\t<section class=\"elementor-section elementor-top-section elementor-element elementor-element-9b2d6fd elementor-section-boxed elementor-section-height-default elementor-section-height-default shape-bg-top-no\" data-id=\"9b2d6fd\" data-element_type=\"section\" data-settings=\"{&quot;background_background&quot;:&quot;slideshow&quot;,&quot;background_slideshow_gallery&quot;:[{&quot;id&quot;:2054,&quot;url&quot;:&quot;https:\\\/\\\/yayopgroup.com\\\/wp-content\\\/uploads\\\/2024\\\/03\\\/651562a2e3b9eb8e04e3c8e0_Biochar_Banner-1.jpg&quot;},{&quot;id&quot;:1940,&quot;url&quot;:&quot;https:\\\/\\\/yayopgroup.com\\\/wp-content\\\/uploads\\\/2024\\\/03\\\/charcoal.webp&quot;}],&quot;background_slideshow_ken_burns&quot;:&quot;yes&quot;,&quot;background_slideshow_loop&quot;:&quot;yes&quot;,&quot;background_slideshow_slide_duration&quot;:5000,&quot;background_slideshow_slide_transition&quot;:&quot;fade&quot;,&quot;background_slideshow_transition_duration&quot;:500,&quot;background_slideshow_ken_burns_zoom_direction&quot;:&quot;in&quot;}\">\n\t\t\t\t\t\t<div class=\"elementor-container elementor-column-gap-default\">\n\t\t\t\t\t<div class=\"elementor-column elementor-col-100 elementor-top-column elementor-element elementor-element-9ffb2c9\" data-id=\"9ffb2c9\" data-element_type=\"column\">\n\t\t\t<div class=\"elementor-widget-wrap elementor-element-populated\">\n\t\t\t\t\t\t<div class=\"elementor-element elementor-element-60b1d57 elementor-widget elementor-widget-spacer\" data-id=\"60b1d57\" data-element_type=\"widget\" data-widget_type=\"spacer.default\">\n\t\t\t\t<div class=\"elementor-widget-container\">\n\t\t\t\t\t\t\t<div class=\"elementor-spacer\">\n\t\t\t<div class=\"elementor-spacer-inner\"><\/div>\n\t\t<\/div>\n\t\t\t\t\t\t<\/div>\n\t\t\t\t<\/div>\n\t\t\t\t\t<\/div>\n\t\t<\/div>\n\t\t\t\t\t<\/div>\n\t\t<\/section>\n\t\t\t\t<section class=\"elementor-section elementor-top-section elementor-element elementor-element-d667937 elementor-section-boxed elementor-section-height-default elementor-section-height-default shape-bg-top-no shape-bg-bottom-no\" data-id=\"d667937\" data-element_type=\"section\">\n\t\t\t\t\t\t<div class=\"elementor-container elementor-column-gap-default\">\n\t\t\t\t\t<div class=\"elementor-column elementor-col-50 elementor-top-column elementor-element elementor-element-af11c6d elementor-invisible\" data-id=\"af11c6d\" data-element_type=\"column\" data-settings=\"{&quot;animation&quot;:&quot;bounceIn&quot;}\">\n\t\t\t<div class=\"elementor-widget-wrap elementor-element-populated\">\n\t\t\t\t\t\t<div class=\"elementor-element elementor-element-487ab03 elementor-widget elementor-widget-spacer\" data-id=\"487ab03\" data-element_type=\"widget\" data-widget_type=\"spacer.default\">\n\t\t\t\t<div class=\"elementor-widget-container\">\n\t\t\t\t\t\t\t<div class=\"elementor-spacer\">\n\t\t\t<div class=\"elementor-spacer-inner\"><\/div>\n\t\t<\/div>\n\t\t\t\t\t\t<\/div>\n\t\t\t\t<\/div>\n\t\t\t\t<div class=\"elementor-element elementor-element-9c58ddd elementor-widget elementor-widget-image\" data-id=\"9c58ddd\" data-element_type=\"widget\" data-widget_type=\"image.default\">\n\t\t\t\t<div class=\"elementor-widget-container\">\n\t\t\t\t\t\t\t\t\t\t\t\t\t\t\t<img fetchpriority=\"high\" decoding=\"async\" width=\"744\" height=\"737\" src=\"https:\/\/yayopgroup.com\/wp-content\/uploads\/2024\/04\/WhatsApp-Image-2024-04-26-at-5.04.42-AM-1.jpeg\" class=\"attachment-large size-large wp-image-2731\" alt=\"\" \/>\t\t\t\t\t\t\t\t\t\t\t\t\t\t\t<\/div>\n\t\t\t\t<\/div>\n\t\t\t\t\t<\/div>\n\t\t<\/div>\n\t\t\t\t<div class=\"elementor-column elementor-col-50 elementor-top-column elementor-element elementor-element-023b828\" data-id=\"023b828\" data-element_type=\"column\">\n\t\t\t<div class=\"elementor-widget-wrap elementor-element-populated\">\n\t\t\t\t\t\t<div class=\"elementor-element elementor-element-f38bbbb elementor-widget elementor-widget-spacer\" data-id=\"f38bbbb\" data-element_type=\"widget\" data-widget_type=\"spacer.default\">\n\t\t\t\t<div class=\"elementor-widget-container\">\n\t\t\t\t\t\t\t<div class=\"elementor-spacer\">\n\t\t\t<div class=\"elementor-spacer-inner\"><\/div>\n\t\t<\/div>\n\t\t\t\t\t\t<\/div>\n\t\t\t\t<\/div>\n\t\t\t\t<div class=\"elementor-element elementor-element-1d0e402 elementor-invisible elementor-widget elementor-widget-gva-heading-block\" data-id=\"1d0e402\" data-element_type=\"widget\" data-settings=\"{&quot;_animation&quot;:&quot;slideInRight&quot;}\" data-widget_type=\"gva-heading-block.default\">\n\t\t\t\t<div class=\"elementor-widget-container\">\n\t\t\t\t\t<div class=\"gva-element-gva-heading-block gva-element\">   <div class=\"align-left style-1 widget gsc-heading box-align-left auto-responsive\">\r\n      <div class=\"content-inner\">\r\n         \r\n                  \r\n         <div class=\"sub-title\"><span class=\"heading-icon\"><img decoding=\"async\" src=\"https:\/\/yayopgroup.com\/wp-content\/plugins\/orgarium-themer\/elementor\/assets\/images\/icon-heading.png\" alt=\"\" \/><\/span><span class=\"tagline\">Charbon Bio<\/span><\/div>  \r\n         \r\n                  \r\n         \r\n      <\/div>\r\n   <\/div>\r\n<\/div>\t\t\t\t<\/div>\n\t\t\t\t<\/div>\n\t\t\t\t<div class=\"elementor-element elementor-element-35fb80f elementor-invisible elementor-widget elementor-widget-text-editor\" data-id=\"35fb80f\" data-element_type=\"widget\" data-settings=\"{&quot;_animation&quot;:&quot;fadeIn&quot;}\" data-widget_type=\"text-editor.default\">\n\t\t\t\t<div class=\"elementor-widget-container\">\n\t\t\t\t\t\t\t\t\t<p style=\"text-align: justify;\"><span style=\"color: #000000;\">Notre charbon bio est produit \u00e0 partir de ressources biologiques et renouvelables en mettant l'accent sur la durabilit\u00e9 et le respect de l'environnement.<\/span><\/p>\n<p style=\"text-align: justify;\"><span style=\"color: #000000;\">L\u2019Afrique est confront\u00e9e \u00e0 1,1 million de d\u00e9c\u00e8s chaque ann\u00e9e \u00e0 cause de la pollution atmosph\u00e9rique, et nous devons prendre des mesures pour mettre un terme \u00e0 cette situation.<\/span><\/p>\n<p style=\"text-align: justify;\"><span style=\"color: #000000;\">La d\u00e9forestation au Congo est pr\u00e9judiciable car elle perturbe des \u00e9cosyst\u00e8mes cruciaux, entra\u00eenant une perte de biodiversit\u00e9 et la destruction de l'habitat d'innombrables esp\u00e8ces. De plus, cela exacerbe le changement climatique en lib\u00e9rant du carbone stock\u00e9 dans les arbres et en r\u00e9duisant la capacit\u00e9 de la r\u00e9gion \u00e0 absorber les gaz \u00e0 effet de serre. De plus, la d\u00e9forestation menace le mode de vie des communaut\u00e9s autochtones, les privant de ressources essentielles et de patrimoine culturel.<\/span><\/p>\n<p style=\"text-align: justify;\"><span style=\"color: #000000;\">En R\u00e9publique d\u00e9mocratique du Congo (RDC), le charbon de bois est largement utilis\u00e9 comme principale source de combustible pour la cuisine et le chauffage. Le nombre exact de personnes utilisant du charbon de bois en RDC peut varier, mais on estime qu'une partie importante de la population d\u00e9pend du charbon de bois comme principal combustible de cuisine. Cette d\u00e9pendance au charbon de bois peut \u00eatre attribu\u00e9e \u00e0 plusieurs facteurs\u00a0:<\/span><\/p>\t\t\t\t\t\t\t\t<\/div>\n\t\t\t\t<\/div>\n\t\t\t\t\t<\/div>\n\t\t<\/div>\n\t\t\t\t\t<\/div>\n\t\t<\/section>\n\t\t\t\t<section class=\"elementor-section elementor-top-section elementor-element elementor-element-e8bd9cf elementor-section-boxed elementor-section-height-default elementor-section-height-default shape-bg-top-no shape-bg-bottom-no\" data-id=\"e8bd9cf\" data-element_type=\"section\">\n\t\t\t\t\t\t<div class=\"elementor-container elementor-column-gap-default\">\n\t\t\t\t\t<div class=\"elementor-column elementor-col-50 elementor-top-column elementor-element elementor-element-d35de3c\" data-id=\"d35de3c\" data-element_type=\"column\">\n\t\t\t<div class=\"elementor-widget-wrap elementor-element-populated\">\n\t\t\t\t\t\t<div class=\"elementor-element elementor-element-fe37798 elementor-widget elementor-widget-spacer\" data-id=\"fe37798\" data-element_type=\"widget\" data-widget_type=\"spacer.default\">\n\t\t\t\t<div class=\"elementor-widget-container\">\n\t\t\t\t\t\t\t<div class=\"elementor-spacer\">\n\t\t\t<div class=\"elementor-spacer-inner\"><\/div>\n\t\t<\/div>\n\t\t\t\t\t\t<\/div>\n\t\t\t\t<\/div>\n\t\t\t\t<div class=\"elementor-element elementor-element-4b8503e elementor-invisible elementor-widget elementor-widget-text-editor\" data-id=\"4b8503e\" data-element_type=\"widget\" data-settings=\"{&quot;_animation&quot;:&quot;fadeIn&quot;}\" data-widget_type=\"text-editor.default\">\n\t\t\t\t<div class=\"elementor-widget-container\">\n\t\t\t\t\t\t\t\t\t<p style=\"text-align: justify;\"><span style=\"color: #000000;\">D\u00e9couvrez notre dernier ajout \u00e0 notre gamme de produits : le petit biochar carr\u00e9 sp\u00e9cialement con\u00e7u pour les amateurs de chicha. Fabriqu\u00e9 avec soin et pr\u00e9cision, notre biochar offre une combustion propre et durable, garantissant une exp\u00e9rience de chicha douce et savoureuse \u00e0 chaque fois. Fabriqu\u00e9 \u00e0 partir de mat\u00e9riaux durables, notre biochar est respectueux de l'environnement et exempt de produits chimiques nocifs, vous offrant une tranquillit\u00e9 d'esprit pendant que vous savourez vos saveurs de chicha pr\u00e9f\u00e9r\u00e9es. Dites adieu \u00e0 la fum\u00e9e \u00e2pre et aux odeurs d\u00e9sagr\u00e9ables \u2013 avec notre biochar, vous vivrez une pure indulgence avec<\/span><\/p>\t\t\t\t\t\t\t\t<\/div>\n\t\t\t\t<\/div>\n\t\t\t\t\t<\/div>\n\t\t<\/div>\n\t\t\t\t<div class=\"elementor-column elementor-col-50 elementor-top-column elementor-element elementor-element-16acacd\" data-id=\"16acacd\" data-element_type=\"column\">\n\t\t\t<div class=\"elementor-widget-wrap elementor-element-populated\">\n\t\t\t\t\t\t<div class=\"elementor-element elementor-element-8460595 elementor-invisible elementor-widget elementor-widget-image\" data-id=\"8460595\" data-element_type=\"widget\" data-settings=\"{&quot;_animation&quot;:&quot;bounceIn&quot;}\" data-widget_type=\"image.default\">\n\t\t\t\t<div class=\"elementor-widget-container\">\n\t\t\t\t\t\t\t\t\t\t\t\t\t\t\t<img decoding=\"async\" width=\"587\" height=\"387\" src=\"https:\/\/yayopgroup.com\/wp-content\/uploads\/2024\/05\/WhatsApp-Image-2024-04-26-at-5.09.07-AM-1.jpeg\" class=\"attachment-large size-large wp-image-2835\" alt=\"\" \/>\t\t\t\t\t\t\t\t\t\t\t\t\t\t\t<\/div>\n\t\t\t\t<\/div>\n\t\t\t\t\t<\/div>\n\t\t<\/div>\n\t\t\t\t\t<\/div>\n\t\t<\/section>\n\t\t\t\t<section class=\"elementor-section elementor-top-section elementor-element elementor-element-2543bbd elementor-section-boxed elementor-section-height-default elementor-section-height-default shape-bg-top-no shape-bg-bottom-no\" data-id=\"2543bbd\" data-element_type=\"section\">\n\t\t\t\t\t\t<div class=\"elementor-container elementor-column-gap-default\">\n\t\t\t\t\t<div class=\"elementor-column elementor-col-100 elementor-top-column elementor-element elementor-element-d6303a2\" data-id=\"d6303a2\" data-element_type=\"column\">\n\t\t\t<div class=\"elementor-widget-wrap elementor-element-populated\">\n\t\t\t\t\t\t<div class=\"elementor-element elementor-element-b5b1197 elementor-tabs-view-horizontal elementor-widget elementor-widget-tabs\" data-id=\"b5b1197\" data-element_type=\"widget\" data-widget_type=\"tabs.default\">\n\t\t\t\t<div class=\"elementor-widget-container\">\n\t\t\t\t\t\t\t<div class=\"elementor-tabs\">\n\t\t\t<div class=\"elementor-tabs-wrapper\" role=\"tablist\" >\n\t\t\t\t\t\t\t\t\t<div id=\"elementor-tab-title-1901\" class=\"elementor-tab-title elementor-tab-desktop-title\" aria-selected=\"true\" data-tab=\"1\" role=\"tab\" tabindex=\"0\" aria-controls=\"elementor-tab-content-1901\" aria-expanded=\"false\">Accessibilit\u00e9<\/div>\n\t\t\t\t\t\t\t\t\t<div id=\"elementor-tab-title-1902\" class=\"elementor-tab-title elementor-tab-desktop-title\" aria-selected=\"false\" data-tab=\"2\" role=\"tab\" tabindex=\"-1\" aria-controls=\"elementor-tab-content-1902\" aria-expanded=\"false\">Abordabilit\u00e9<\/div>\n\t\t\t\t\t\t\t\t\t<div id=\"elementor-tab-title-1903\" class=\"elementor-tab-title elementor-tab-desktop-title\" aria-selected=\"false\" data-tab=\"3\" role=\"tab\" tabindex=\"-1\" aria-controls=\"elementor-tab-content-1903\" aria-expanded=\"false\">Efficacit\u00e9 \u00e9nerg\u00e9tique<\/div>\n\t\t\t\t\t\t\t\t\t<div id=\"elementor-tab-title-1904\" class=\"elementor-tab-title elementor-tab-desktop-title\" aria-selected=\"false\" data-tab=\"4\" role=\"tab\" tabindex=\"-1\" aria-controls=\"elementor-tab-content-1904\" aria-expanded=\"false\">Efficacit\u00e9 \u00e9nerg\u00e9tique<\/div>\n\t\t\t\t\t\t\t\t\t<div id=\"elementor-tab-title-1905\" class=\"elementor-tab-title elementor-tab-desktop-title\" aria-selected=\"false\" data-tab=\"5\" role=\"tab\" tabindex=\"-1\" aria-controls=\"elementor-tab-content-1905\" aria-expanded=\"false\">Manque d'alternatives<\/div>\n\t\t\t\t\t\t\t<\/div>\n\t\t\t<div class=\"elementor-tabs-content-wrapper\" role=\"tablist\" aria-orientation=\"vertical\">\n\t\t\t\t\t\t\t\t\t<div class=\"elementor-tab-title elementor-tab-mobile-title\" aria-selected=\"true\" data-tab=\"1\" role=\"tab\" tabindex=\"0\" aria-controls=\"elementor-tab-content-1901\" aria-expanded=\"false\">Accessibilit\u00e9<\/div>\n\t\t\t\t\t<div id=\"elementor-tab-content-1901\" class=\"elementor-tab-content elementor-clearfix\" data-tab=\"1\" role=\"tabpanel\" aria-labelledby=\"elementor-tab-title-1901\" tabindex=\"0\" hidden=\"false\"><p>Le charbon de bois est facilement disponible et accessible dans de nombreuses r\u00e9gions de la RDC, en particulier dans les zones urbaines et p\u00e9riurbaines. Il est souvent vendu sur les march\u00e9s locaux et aupr\u00e8s de vendeurs ambulants informels.<\/p><\/div>\n\t\t\t\t\t\t\t\t\t<div class=\"elementor-tab-title elementor-tab-mobile-title\" aria-selected=\"false\" data-tab=\"2\" role=\"tab\" tabindex=\"-1\" aria-controls=\"elementor-tab-content-1902\" aria-expanded=\"false\">Abordabilit\u00e9<\/div>\n\t\t\t\t\t<div id=\"elementor-tab-content-1902\" class=\"elementor-tab-content elementor-clearfix\" data-tab=\"2\" role=\"tabpanel\" aria-labelledby=\"elementor-tab-title-1902\" tabindex=\"0\" hidden=\"hidden\"><p>Le charbon de bois est souvent plus abordable que les autres combustibles de cuisine comme l\u2019\u00e9lectricit\u00e9, le gaz ou le k\u00e9ros\u00e8ne. Cela en fait une option privil\u00e9gi\u00e9e pour les m\u00e9nages aux ressources financi\u00e8res limit\u00e9es.<\/p><\/div>\n\t\t\t\t\t\t\t\t\t<div class=\"elementor-tab-title elementor-tab-mobile-title\" aria-selected=\"false\" data-tab=\"3\" role=\"tab\" tabindex=\"-1\" aria-controls=\"elementor-tab-content-1903\" aria-expanded=\"false\">Efficacit\u00e9 \u00e9nerg\u00e9tique<\/div>\n\t\t\t\t\t<div id=\"elementor-tab-content-1903\" class=\"elementor-tab-content elementor-clearfix\" data-tab=\"3\" role=\"tabpanel\" aria-labelledby=\"elementor-tab-title-1903\" tabindex=\"0\" hidden=\"hidden\"><p>Le charbon de bois est per\u00e7u comme un combustible efficace pour la cuisson, car il g\u00e9n\u00e8re des niveaux de chaleur \u00e9lev\u00e9s et br\u00fble de mani\u00e8re constante par rapport aux autres combustibles traditionnels de la biomasse comme le bois.<\/p><\/div>\n\t\t\t\t\t\t\t\t\t<div class=\"elementor-tab-title elementor-tab-mobile-title\" aria-selected=\"false\" data-tab=\"4\" role=\"tab\" tabindex=\"-1\" aria-controls=\"elementor-tab-content-1904\" aria-expanded=\"false\">Efficacit\u00e9 \u00e9nerg\u00e9tique<\/div>\n\t\t\t\t\t<div id=\"elementor-tab-content-1904\" class=\"elementor-tab-content elementor-clearfix\" data-tab=\"4\" role=\"tabpanel\" aria-labelledby=\"elementor-tab-title-1904\" tabindex=\"0\" hidden=\"hidden\"><p>Les pratiques culinaires traditionnelles en RDC, notamment l\u2019utilisation de po\u00eales \u00e0 charbon et de feux ouverts, ont \u00e9t\u00e9 transmises de g\u00e9n\u00e9ration en g\u00e9n\u00e9ration. De nombreux m\u00e9nages sont habitu\u00e9s \u00e0 cuisiner au charbon de bois et trouvent cela pratique pour pr\u00e9parer les repas.<\/p><\/div>\n\t\t\t\t\t\t\t\t\t<div class=\"elementor-tab-title elementor-tab-mobile-title\" aria-selected=\"false\" data-tab=\"5\" role=\"tab\" tabindex=\"-1\" aria-controls=\"elementor-tab-content-1905\" aria-expanded=\"false\">Manque d'alternatives<\/div>\n\t\t\t\t\t<div id=\"elementor-tab-content-1905\" class=\"elementor-tab-content elementor-clearfix\" data-tab=\"5\" role=\"tabpanel\" aria-labelledby=\"elementor-tab-title-1905\" tabindex=\"0\" hidden=\"hidden\"><p>L\u2019acc\u00e8s limit\u00e9 aux sources d\u2019\u00e9nergie et aux infrastructures modernes, telles que l\u2019\u00e9lectricit\u00e9 et les technologies de cuisson propres, contribue \u00e0 l\u2019utilisation g\u00e9n\u00e9ralis\u00e9e du charbon de bois. Dans de nombreuses zones rurales, o\u00f9 l\u2019acc\u00e8s \u00e0 l\u2019\u00e9lectricit\u00e9 et au gaz est rare, le charbon de bois reste l\u2019option la plus viable pour cuisiner.<\/p><\/div>\n\t\t\t\t\t\t\t<\/div>\n\t\t<\/div>\n\t\t\t\t\t\t<\/div>\n\t\t\t\t<\/div>\n\t\t\t\t\t<\/div>\n\t\t<\/div>\n\t\t\t\t\t<\/div>\n\t\t<\/section>\n\t\t\t\t<section class=\"elementor-section elementor-top-section elementor-element elementor-element-6162875 elementor-section-boxed elementor-section-height-default elementor-section-height-default shape-bg-top-no shape-bg-bottom-no\" data-id=\"6162875\" data-element_type=\"section\">\n\t\t\t\t\t\t<div class=\"elementor-container elementor-column-gap-default\">\n\t\t\t\t\t<div class=\"elementor-column elementor-col-100 elementor-top-column elementor-element elementor-element-3f2cb0c\" data-id=\"3f2cb0c\" data-element_type=\"column\">\n\t\t\t<div class=\"elementor-widget-wrap elementor-element-populated\">\n\t\t\t\t\t\t<div class=\"elementor-element elementor-element-192b0c3 elementor-widget elementor-widget-text-editor\" data-id=\"192b0c3\" data-element_type=\"widget\" data-widget_type=\"text-editor.default\">\n\t\t\t\t<div class=\"elementor-widget-container\">\n\t\t\t\t\t\t\t\t\t<p style=\"text-align: justify;\"><span style=\"color: #000000;\">Cependant, il est important de noter que l\u2019utilisation g\u00e9n\u00e9ralis\u00e9e du charbon de bois a des cons\u00e9quences environnementales importantes, notamment la d\u00e9forestation et la pollution de l\u2019air. Les efforts visant \u00e0 promouvoir des alternatives durables au charbon de bois, telles que des fourneaux propres et des sources d\u2019\u00e9nergie renouvelables, sont cruciaux pour att\u00e9nuer ces impacts environnementaux et am\u00e9liorer les moyens de subsistance des populations de la RDC.<\/span><\/p>\n<span style=\"color: #000000;\"><strong><span style=\"text-decoration: underline;\">Avantages:<\/span><\/strong><\/span>\n<ol>\n \t<li><span style=\"color: #000000;\">En contribuant \u00e0 r\u00e9duire la quantit\u00e9 de bois consomm\u00e9e par les populations riveraines et autochtones, nous contribuons \u00e0 att\u00e9nuer les changements climatiques.<\/span><\/li>\n \t<li><span style=\"color: #000000;\">En collectant les d\u00e9chets v\u00e9g\u00e9taux pour les transformer en charbon de bois \u00e9cologique, nous participons \u00e0 l'assainissement urbain, emp\u00eachant les d\u00e9chets de fermenter et d'\u00e9mettre de grandes quantit\u00e9s de gaz \u00e0 effet de serre.<\/span><\/li>\n \t<li><span style=\"color: #000000;\">En contribuant \u00e0 la r\u00e9duction du ch\u00f4mage gr\u00e2ce au recrutement de jeunes, de femmes et de personnes \u00e2g\u00e9es dans la collecte des d\u00e9chets, nous att\u00e9nuons la pression sur les for\u00eats gr\u00e2ce \u00e0 ce travail de collecte des d\u00e9chets.<\/span><\/li>\n \t<li><span style=\"color: #000000;\">Notre charbon de bois est non toxique et ne produit aucune fum\u00e9e.<\/span><\/li>\n \t<li><span style=\"color: #000000;\">Nous r\u00e9duisons consid\u00e9rablement les risques de pollution gr\u00e2ce au charbon de bois \u00e9cologique.<\/span><\/li>\n \t<li><span style=\"color: #000000;\">Notre charbon de bois est \u00e9conomique. Le charbon de bois \u00e9cologique br\u00fble pendant 3 heures au lieu de 30 minutes.<\/span><\/li>\n \t<li><span style=\"color: #000000;\">Notre charbon de bois \u00e9cologique permet de cuisiner sans gaspiller le fond des casseroles et est plus \u00e9conome en \u00e9nergie que les autres charbons du march\u00e9.<\/span><\/li>\n \t<li><span style=\"color: #000000;\">Notre charbon de bois sert de source de chauffage \u00e9cologique pour de nombreux propri\u00e9taires.<\/span><\/li>\n \t<li><span style=\"color: #000000;\">Notre charbon de bois aide \u00e0 r\u00e9chauffer les poussins dans les fermes, de l'\u00e9closion jusqu'\u00e0 l'\u00e2ge de 2 semaines. Les nouveaux poussins ont besoin d\u2019\u00eatre chauff\u00e9s du premier au deux semaines.<\/span><\/li>\n<\/ol>\t\t\t\t\t\t\t\t<\/div>\n\t\t\t\t<\/div>\n\t\t\t\t<div class=\"elementor-element elementor-element-2e1b4bf elementor-widget elementor-widget-spacer\" data-id=\"2e1b4bf\" data-element_type=\"widget\" data-widget_type=\"spacer.default\">\n\t\t\t\t<div class=\"elementor-widget-container\">\n\t\t\t\t\t\t\t<div class=\"elementor-spacer\">\n\t\t\t<div class=\"elementor-spacer-inner\"><\/div>\n\t\t<\/div>\n\t\t\t\t\t\t<\/div>\n\t\t\t\t<\/div>\n\t\t\t\t\t<\/div>\n\t\t<\/div>\n\t\t\t\t\t<\/div>\n\t\t<\/section>\n\t\t\t\t<\/div>","protected":false},"excerpt":{"rendered":"<p>Bio Charcoal Our bio charcoal is produced from organic and renewable resources with a focus on sustainability and environmental friendliness Africa faces 1.1 million deaths annually from air pollution, and [&hellip;]<\/p>","protected":false},"author":1,"featured_media":0,"parent":0,"menu_order":0,"comment_status":"closed","ping_status":"closed","template":"","meta":{"footnotes":""},"class_list":["post-1808","page","type-page","status-publish","hentry"],"_links":{"self":[{"href":"https:\/\/yayopgroup.com\/fr\/wp-json\/wp\/v2\/pages\/1808","targetHints":{"allow":["GET"]}}],"collection":[{"href":"https:\/\/yayopgroup.com\/fr\/wp-json\/wp\/v2\/pages"}],"about":[{"href":"https:\/\/yayopgroup.com\/fr\/wp-json\/wp\/v2\/types\/page"}],"author":[{"embeddable":true,"href":"https:\/\/yayopgroup.com\/fr\/wp-json\/wp\/v2\/users\/1"}],"replies":[{"embeddable":true,"href":"https:\/\/yayopgroup.com\/fr\/wp-json\/wp\/v2\/comments?post=1808"}],"version-history":[{"count":76,"href":"https:\/\/yayopgroup.com\/fr\/wp-json\/wp\/v2\/pages\/1808\/revisions"}],"predecessor-version":[{"id":3260,"href":"https:\/\/yayopgroup.com\/fr\/wp-json\/wp\/v2\/pages\/1808\/revisions\/3260"}],"wp:attachment":[{"href":"https:\/\/yayopgroup.com\/fr\/wp-json\/wp\/v2\/media?parent=1808"}],"curies":[{"name":"wp","href":"https:\/\/api.w.org\/{rel}","templated":true}]}}